{"id":400,"date":"2025-08-20T09:57:03","date_gmt":"2025-08-20T09:57:03","guid":{"rendered":"https:\/\/alc-assessors.com\/assessoria-per-a-cooperatives\/"},"modified":"2025-09-18T08:24:27","modified_gmt":"2025-09-18T08:24:27","slug":"assessoria-per-a-cooperatives","status":"publish","type":"page","link":"https:\/\/alc-assessors.com\/es\/assessoria-per-a-cooperatives\/","title":{"rendered":"Asesor\u00eda para cooperativas"},"content":{"rendered":"\t\t<div data-elementor-type=\"wp-page\" data-elementor-id=\"400\" class=\"elementor elementor-400 elementor-365\" data-elementor-post-type=\"page\">\n\t\t\t\t<div class=\"elementor-element elementor-element-fae6dac e-flex e-con-boxed e-con e-parent\" data-id=\"fae6dac\" data-element_type=\"container\" data-settings=\"{&quot;background_background&quot;:&quot;classic&quot;}\">\n\t\t\t\t\t<div class=\"e-con-inner\">\n\t\t<div class=\"elementor-element elementor-element-071bfcd e-con-full animated-slow e-flex elementor-invisible e-con e-child\" data-id=\"071bfcd\" data-element_type=\"container\" data-settings=\"{&quot;animation&quot;:&quot;fadeInLeft&quot;}\">\n\t\t\t\t<div class=\"elementor-element elementor-element-b8fa6c8 elementor-widget elementor-widget-heading\" data-id=\"b8fa6c8\" data-element_type=\"widget\" data-widget_type=\"heading.default\">\n\t\t\t\t<div class=\"elementor-widget-container\">\n\t\t\t\t\t<h1 class=\"elementor-heading-title elementor-size-default\">Asesor\u00eda para cooperativas<\/h1>\t\t\t\t<\/div>\n\t\t\t\t<\/div>\n\t\t\t\t<div class=\"elementor-element elementor-element-dbcaea9 elementor-widget elementor-widget-heading\" data-id=\"dbcaea9\" data-element_type=\"widget\" data-widget_type=\"heading.default\">\n\t\t\t\t<div class=\"elementor-widget-container\">\n\t\t\t\t\t<div class=\"elementor-heading-title elementor-size-default\">Soluciones a medida para su proyecto<\/div>\t\t\t\t<\/div>\n\t\t\t\t<\/div>\n\t\t\t\t<\/div>\n\t\t<div class=\"elementor-element elementor-element-53e70bd e-con-full e-flex e-con e-child\" data-id=\"53e70bd\" data-element_type=\"container\">\n\t\t\t\t<\/div>\n\t\t\t\t\t<\/div>\n\t\t\t\t<\/div>\n\t\t<div class=\"elementor-element elementor-element-99ec87d e-flex e-con-boxed e-con e-parent\" data-id=\"99ec87d\" data-element_type=\"container\" data-settings=\"{&quot;background_background&quot;:&quot;classic&quot;}\">\n\t\t\t\t\t<div class=\"e-con-inner\">\n\t\t<div class=\"elementor-element elementor-element-4224d9f e-con-full e-flex e-con e-child\" data-id=\"4224d9f\" data-element_type=\"container\">\n\t\t\t\t<div class=\"elementor-element elementor-element-cec4ea2 elementor-widget elementor-widget-heading\" data-id=\"cec4ea2\" data-element_type=\"widget\" data-widget_type=\"heading.default\">\n\t\t\t\t<div class=\"elementor-widget-container\">\n\t\t\t\t\t<h2 class=\"elementor-heading-title elementor-size-default\">Asesor\u00eda para cooperativas: contable, fiscal y laboral<\/h2>\t\t\t\t<\/div>\n\t\t\t\t<\/div>\n\t\t\t\t<div class=\"elementor-element elementor-element-6d5a65c elementor-widget elementor-widget-text-editor\" data-id=\"6d5a65c\" data-element_type=\"widget\" data-widget_type=\"text-editor.default\">\n\t\t\t\t<div class=\"elementor-widget-container\">\n\t\t\t\t\t\t\t\t\t<p>En <strong data-start=\"2770\" data-end=\"2787\">ALC Assessors<\/strong> ofrecemos una <strong data-start=\"2799\" data-end=\"2832\">asesor\u00eda para cooperativas<\/strong> que cubre todas las necesidades fiscales, laborales, contables y legales. Trabajamos codo a codo con nuestros clientes para garantizar la buena gesti\u00f3n de la cooperativa y optimizar sus recursos. <\/p>\t\t\t\t\t\t\t\t<\/div>\n\t\t\t\t<\/div>\n\t\t\t\t<\/div>\n\t\t\t\t\t<\/div>\n\t\t\t\t<\/div>\n\t\t<div class=\"elementor-element elementor-element-1dcf03d e-con-full e-flex e-con e-parent\" data-id=\"1dcf03d\" data-element_type=\"container\">\n\t\t<div class=\"elementor-element elementor-element-547431a e-con-full animated-slow e-flex elementor-invisible e-con e-child\" data-id=\"547431a\" data-element_type=\"container\" data-settings=\"{&quot;animation&quot;:&quot;fadeInLeft&quot;}\">\n\t\t\t\t<div class=\"elementor-element elementor-element-50eb523 elementor-widget elementor-widget-heading\" data-id=\"50eb523\" data-element_type=\"widget\" data-widget_type=\"heading.default\">\n\t\t\t\t<div class=\"elementor-widget-container\">\n\t\t\t\t\t<h3 class=\"elementor-heading-title elementor-size-default\">Asesor\u00eda fiscal<\/h3>\t\t\t\t<\/div>\n\t\t\t\t<\/div>\n\t\t\t\t<div class=\"elementor-element elementor-element-caa136c elementor-widget elementor-widget-text-editor\" data-id=\"caa136c\" data-element_type=\"widget\" data-widget_type=\"text-editor.default\">\n\t\t\t\t<div class=\"elementor-widget-container\">\n\t\t\t\t\t\t\t\t\t<p data-start=\"3067\" data-end=\"3193\">Optimizamos sus <strong data-start=\"3120\" data-end=\"3132\">impuestos<\/strong> y presentamos sus declaraciones con rigor y eficiencia.<\/p>\t\t\t\t\t\t\t\t<\/div>\n\t\t\t\t<\/div>\n\t\t\t\t<\/div>\n\t\t<div class=\"elementor-element elementor-element-5ae9950 e-con-full animated-slow e-flex elementor-invisible e-con e-child\" data-id=\"5ae9950\" data-element_type=\"container\" data-settings=\"{&quot;animation&quot;:&quot;fadeInLeft&quot;}\">\n\t\t\t\t<div class=\"elementor-element elementor-element-33b7d50 elementor-widget elementor-widget-heading\" data-id=\"33b7d50\" data-element_type=\"widget\" data-widget_type=\"heading.default\">\n\t\t\t\t<div class=\"elementor-widget-container\">\n\t\t\t\t\t<h2 class=\"elementor-heading-title elementor-size-default\">Asesor\u00eda contable<\/h2>\t\t\t\t<\/div>\n\t\t\t\t<\/div>\n\t\t\t\t<div class=\"elementor-element elementor-element-5c1f886 elementor-widget elementor-widget-text-editor\" data-id=\"5c1f886\" data-element_type=\"widget\" data-widget_type=\"text-editor.default\">\n\t\t\t\t<div class=\"elementor-widget-container\">\n\t\t\t\t\t\t\t\t\t<p>Planificamos y controlamos las <strong data-start=\"3259\" data-end=\"3294\">finanzas de su cooperativa<\/strong> para asegurar su sostenibilidad.<\/p>\t\t\t\t\t\t\t\t<\/div>\n\t\t\t\t<\/div>\n\t\t\t\t<\/div>\n\t\t<div class=\"elementor-element elementor-element-1fe269e e-con-full animated-slow e-flex elementor-invisible e-con e-child\" data-id=\"1fe269e\" data-element_type=\"container\" data-settings=\"{&quot;animation&quot;:&quot;fadeInLeft&quot;}\">\n\t\t\t\t<div class=\"elementor-element elementor-element-ade7700 elementor-widget elementor-widget-heading\" data-id=\"ade7700\" data-element_type=\"widget\" data-widget_type=\"heading.default\">\n\t\t\t\t<div class=\"elementor-widget-container\">\n\t\t\t\t\t<h2 class=\"elementor-heading-title elementor-size-default\">Asesor\u00eda legal y estrat\u00e9gica<\/h2>\t\t\t\t<\/div>\n\t\t\t\t<\/div>\n\t\t\t\t<div class=\"elementor-element elementor-element-1096801 elementor-widget elementor-widget-text-editor\" data-id=\"1096801\" data-element_type=\"widget\" data-widget_type=\"text-editor.default\">\n\t\t\t\t<div class=\"elementor-widget-container\">\n\t\t\t\t\t\t\t\t\t<p>Le acompa\u00f1amos en <strong data-start=\"3396\" data-end=\"3432\">contratos, estatutos y normativa<\/strong>, ayud\u00e1ndole a tomar decisiones con conocimiento.<\/p>\t\t\t\t\t\t\t\t<\/div>\n\t\t\t\t<\/div>\n\t\t\t\t<\/div>\n\t\t\t\t<\/div>\n\t\t<div class=\"elementor-element elementor-element-cf504ce e-con-full e-flex e-con e-parent\" data-id=\"cf504ce\" data-element_type=\"container\" data-settings=\"{&quot;background_background&quot;:&quot;classic&quot;}\">\n\t\t<div class=\"elementor-element elementor-element-c0927ab e-con-full e-flex e-con e-child\" data-id=\"c0927ab\" data-element_type=\"container\" data-settings=\"{&quot;background_background&quot;:&quot;classic&quot;}\">\n\t\t<div class=\"elementor-element elementor-element-c371099 e-con-full e-flex e-con e-child\" data-id=\"c371099\" data-element_type=\"container\" data-settings=\"{&quot;background_background&quot;:&quot;classic&quot;}\">\n\t\t<div class=\"elementor-element elementor-element-1ecbbd8 e-con-full e-flex e-con e-child\" data-id=\"1ecbbd8\" data-element_type=\"container\">\n\t\t\t\t<\/div>\n\t\t\t\t<\/div>\n\t\t<div class=\"elementor-element elementor-element-a80ab78 e-con-full e-flex e-con e-child\" data-id=\"a80ab78\" data-element_type=\"container\" data-settings=\"{&quot;background_background&quot;:&quot;classic&quot;}\">\n\t\t<div class=\"elementor-element elementor-element-9be6405 e-con-full e-flex e-con e-child\" data-id=\"9be6405\" data-element_type=\"container\">\n\t\t\t\t<div class=\"elementor-element elementor-element-1659384 elementor-widget elementor-widget-heading\" data-id=\"1659384\" data-element_type=\"widget\" data-widget_type=\"heading.default\">\n\t\t\t\t<div class=\"elementor-widget-container\">\n\t\t\t\t\t<h2 class=\"elementor-heading-title elementor-size-default\">Hablemos de su proyecto<\/h2>\t\t\t\t<\/div>\n\t\t\t\t<\/div>\n\t\t\t\t<div class=\"elementor-element elementor-element-105d3bf elementor-widget elementor-widget-button\" data-id=\"105d3bf\" data-element_type=\"widget\" data-widget_type=\"button.default\">\n\t\t\t\t<div class=\"elementor-widget-container\">\n\t\t\t\t\t\t\t\t\t<div class=\"elementor-button-wrapper\">\n\t\t\t\t\t<a class=\"elementor-button elementor-button-link elementor-size-sm\" href=\"#\">\n\t\t\t\t\t\t<span class=\"elementor-button-content-wrapper\">\n\t\t\t\t\t\t\t\t\t<span class=\"elementor-button-text\">Solicitar cita<\/span>\n\t\t\t\t\t<\/span>\n\t\t\t\t\t<\/a>\n\t\t\t\t<\/div>\n\t\t\t\t\t\t\t\t<\/div>\n\t\t\t\t<\/div>\n\t\t\t\t<\/div>\n\t\t\t\t<\/div>\n\t\t\t\t<\/div>\n\t\t\t\t<\/div>\n\t\t<div class=\"elementor-element elementor-element-5bcf6ed e-flex e-con-boxed e-con e-parent\" data-id=\"5bcf6ed\" data-element_type=\"container\">\n\t\t\t\t\t<div class=\"e-con-inner\">\n\t\t\t\t<div class=\"elementor-element elementor-element-faab6fc elementor-widget elementor-widget-spacer\" data-id=\"faab6fc\" data-element_type=\"widget\" data-widget_type=\"spacer.default\">\n\t\t\t\t<div class=\"elementor-widget-container\">\n\t\t\t\t\t\t\t<div class=\"elementor-spacer\">\n\t\t\t<div class=\"elementor-spacer-inner\"><\/div>\n\t\t<\/div>\n\t\t\t\t\t\t<\/div>\n\t\t\t\t<\/div>\n\t\t\t\t\t<\/div>\n\t\t\t\t<\/div>\n\t\t<div class=\"elementor-element elementor-element-65a8288 e-flex e-con-boxed e-con e-parent\" data-id=\"65a8288\" data-element_type=\"container\">\n\t\t\t\t\t<div class=\"e-con-inner\">\n\t\t\t\t<div class=\"elementor-element elementor-element-ea74baa elementor-widget elementor-widget-heading\" data-id=\"ea74baa\" data-element_type=\"widget\" data-widget_type=\"heading.default\">\n\t\t\t\t<div class=\"elementor-widget-container\">\n\t\t\t\t\t<h2 class=\"elementor-heading-title elementor-size-default\">La asesor\u00eda para cooperativas que estaba buscando<\/h2>\t\t\t\t<\/div>\n\t\t\t\t<\/div>\n\t\t\t\t\t<\/div>\n\t\t\t\t<\/div>\n\t\t<div class=\"elementor-element elementor-element-0328af1 e-flex e-con-boxed e-con e-parent\" data-id=\"0328af1\" data-element_type=\"container\">\n\t\t\t\t\t<div class=\"e-con-inner\">\n\t\t\t\t<div class=\"elementor-element elementor-element-cc7ce26 elementor-widget elementor-widget-text-editor\" data-id=\"cc7ce26\" data-element_type=\"widget\" data-widget_type=\"text-editor.default\">\n\t\t\t\t<div class=\"elementor-widget-container\">\n\t\t\t\t\t\t\t\t\t<p data-start=\"3514\" data-end=\"3913\">Nuestra <strong data-start=\"3524\" data-end=\"3557\">asesor\u00eda para cooperativas<\/strong> est\u00e1 especializada en ofrecer <strong data-start=\"3588\" data-end=\"3638\">servicios fiscales, laborales, contables y legales<\/strong> para ayudar a los proyectos cooperativos a crecer con seguridad. Desde la <strong data-start=\"3711\" data-end=\"3738\">creaci\u00f3n de cooperativas<\/strong> hasta su <strong data-start=\"3751\" data-end=\"3780\">crecimiento y consolidaci\u00f3n<\/strong>, en <strong data-start=\"3784\" data-end=\"3801\">ALC Assessors<\/strong> ponemos a su disposici\u00f3n todo nuestro conocimiento para que pueda centrarse en hacer crecer su proyecto. <\/p><p data-start=\"3915\" data-end=\"4289\">Somos expertos en <strong data-start=\"3930\" data-end=\"3954\">asesoramiento fiscal<\/strong> para cooperativas, planificaci\u00f3n contable y gesti\u00f3n de personal. Trabajamos para facilitar la toma de decisiones estrat\u00e9gicas y le ayudamos a cumplir con todas las obligaciones legales. Si busca una <strong data-start=\"4150\" data-end=\"4195\">asesor\u00eda especializada en cooperativas<\/strong>, conf\u00ede en nosotros para conseguir una gesti\u00f3n eficiente y adaptada a sus necesidades.  <\/p>\t\t\t\t\t\t\t\t<\/div>\n\t\t\t\t<\/div>\n\t\t\t\t\t<\/div>\n\t\t\t\t<\/div>\n\t\t\t\t<\/div>\n\t\t","protected":false},"excerpt":{"rendered":"<p>Asesor\u00eda para cooperativas Soluciones a medida para su proyecto Asesor\u00eda para cooperativas: contable, fiscal y laboral En ALC Assessors ofrecemos una asesor\u00eda para cooperativas que cubre todas las necesidades fiscales, laborales, contables y legales. Trabajamos codo a codo con nuestros clientes para garantizar la buena gesti\u00f3n de la cooperativa y optimizar sus recursos. Asesor\u00eda fiscal [&hellip;]<\/p>\n","protected":false},"author":1,"featured_media":401,"parent":0,"menu_order":0,"comment_status":"closed","ping_status":"closed","template":"elementor_header_footer","meta":{"site-sidebar-layout":"no-sidebar","site-content-layout":"page-builder","ast-site-content-layout":"full-width-container","site-content-style":"unboxed","site-sidebar-style":"unboxed","ast-global-header-display":"","ast-banner-title-visibility":"","ast-main-header-display":"","ast-hfb-above-header-display":"","ast-hfb-below-header-display":"","ast-hfb-mobile-header-display":"","site-post-title":"disabled","ast-breadcrumbs-content":"","ast-featured-img":"disabled","footer-sml-layout":"","theme-transparent-header-meta":"default","adv-header-id-meta":"","stick-header-meta":"default","header-above-stick-meta":"","header-main-stick-meta":"","header-below-stick-meta":"","astra-migrate-meta-layouts":"set","ast-page-background-enabled":"default","ast-page-background-meta":{"desktop":{"background-color":"var(--ast-global-color-4)","background-image":"","background-repeat":"repeat","background-position":"center center","background-size":"auto","background-attachment":"scroll","background-type":"","background-media":"","overlay-type":"","overlay-color":"","overlay-opacity":"","overlay-gradient":""},"tablet":{"background-color":"","background-image":"","background-repeat":"repeat","background-position":"center center","background-size":"auto","background-attachment":"scroll","background-type":"","background-media":"","overlay-type":"","overlay-color":"","overlay-opacity":"","overlay-gradient":""},"mobile":{"background-color":"","background-image":"","background-repeat":"repeat","background-position":"center center","background-size":"auto","background-attachment":"scroll","background-type":"","background-media":"","overlay-type":"","overlay-color":"","overlay-opacity":"","overlay-gradient":""}},"ast-content-background-meta":{"desktop":{"background-color":"var(--ast-global-color-5)","background-image":"","background-repeat":"repeat","background-position":"center center","background-size":"auto","background-attachment":"scroll","background-type":"","background-media":"","overlay-type":"","overlay-color":"","overlay-opacity":"","overlay-gradient":""},"tablet":{"background-color":"var(--ast-global-color-5)","background-image":"","background-repeat":"repeat","background-position":"center center","background-size":"auto","background-attachment":"scroll","background-type":"","background-media":"","overlay-type":"","overlay-color":"","overlay-opacity":"","overlay-gradient":""},"mobile":{"background-color":"var(--ast-global-color-5)","background-image":"","background-repeat":"repeat","background-position":"center center","background-size":"auto","background-attachment":"scroll","background-type":"","background-media":"","overlay-type":"","overlay-color":"","overlay-opacity":"","overlay-gradient":""}},"footnotes":""},"class_list":["post-400","page","type-page","status-publish","has-post-thumbnail","hentry"],"yoast_head":"<!-- This site is optimized with the Yoast SEO plugin v25.8 - https:\/\/yoast.com\/wordpress\/plugins\/seo\/ -->\n<title>Asesor\u00eda para cooperativas | Soporte fiscal, laboral y contable<\/title>\n<meta name=\"description\" content=\"Descubra nuestra asesor\u00eda para cooperativas: servicios fiscales, laborales, contables y legales adaptados a su proyecto.\" \/>\n<meta name=\"robots\" content=\"index, follow, max-snippet:-1, max-image-preview:large, max-video-preview:-1\" \/>\n<link rel=\"canonical\" href=\"https:\/\/alc-assessors.com\/es\/assessoria-per-a-cooperatives\/\" \/>\n<meta property=\"og:locale\" content=\"es_ES\" \/>\n<meta property=\"og:type\" content=\"article\" \/>\n<meta property=\"og:title\" content=\"Asesor\u00eda para cooperativas | Soporte fiscal, laboral y contable\" \/>\n<meta property=\"og:description\" content=\"Descubra nuestra asesor\u00eda para cooperativas: servicios fiscales, laborales, contables y legales adaptados a su proyecto.\" \/>\n<meta property=\"og:url\" content=\"https:\/\/alc-assessors.com\/es\/assessoria-per-a-cooperatives\/\" \/>\n<meta property=\"og:site_name\" content=\"ALC Assessors\" \/>\n<meta property=\"article:modified_time\" content=\"2025-09-18T08:24:27+00:00\" \/>\n<meta property=\"og:image\" content=\"https:\/\/alc-assessors.com\/wp-content\/uploads\/2025\/08\/assessoria-per-a-cooperatives.jpg\" \/>\n\t<meta property=\"og:image:width\" content=\"1080\" \/>\n\t<meta property=\"og:image:height\" content=\"1080\" \/>\n\t<meta property=\"og:image:type\" content=\"image\/jpeg\" \/>\n<meta name=\"twitter:card\" content=\"summary_large_image\" \/>\n<meta name=\"twitter:label1\" content=\"Tiempo de lectura\" \/>\n\t<meta name=\"twitter:data1\" content=\"2 minutos\" \/>\n<script type=\"application\/ld+json\" class=\"yoast-schema-graph\">{\"@context\":\"https:\/\/schema.org\",\"@graph\":[{\"@type\":\"WebPage\",\"@id\":\"https:\/\/alc-assessors.com\/es\/assessoria-per-a-cooperatives\/\",\"url\":\"https:\/\/alc-assessors.com\/es\/assessoria-per-a-cooperatives\/\",\"name\":\"Asesor\u00eda para cooperativas | Soporte fiscal, laboral y contable\",\"isPartOf\":{\"@id\":\"https:\/\/alc-assessors.com\/#website\"},\"primaryImageOfPage\":{\"@id\":\"https:\/\/alc-assessors.com\/es\/assessoria-per-a-cooperatives\/#primaryimage\"},\"image\":{\"@id\":\"https:\/\/alc-assessors.com\/es\/assessoria-per-a-cooperatives\/#primaryimage\"},\"thumbnailUrl\":\"https:\/\/alc-assessors.com\/wp-content\/uploads\/2025\/08\/assessoria-per-a-cooperatives.jpg\",\"datePublished\":\"2025-08-20T09:57:03+00:00\",\"dateModified\":\"2025-09-18T08:24:27+00:00\",\"description\":\"Descubra nuestra asesor\u00eda para cooperativas: servicios fiscales, laborales, contables y legales adaptados a su proyecto.\",\"breadcrumb\":{\"@id\":\"https:\/\/alc-assessors.com\/es\/assessoria-per-a-cooperatives\/#breadcrumb\"},\"inLanguage\":\"es\",\"potentialAction\":[{\"@type\":\"ReadAction\",\"target\":[\"https:\/\/alc-assessors.com\/es\/assessoria-per-a-cooperatives\/\"]}]},{\"@type\":\"ImageObject\",\"inLanguage\":\"es\",\"@id\":\"https:\/\/alc-assessors.com\/es\/assessoria-per-a-cooperatives\/#primaryimage\",\"url\":\"https:\/\/alc-assessors.com\/wp-content\/uploads\/2025\/08\/assessoria-per-a-cooperatives.jpg\",\"contentUrl\":\"https:\/\/alc-assessors.com\/wp-content\/uploads\/2025\/08\/assessoria-per-a-cooperatives.jpg\",\"width\":1080,\"height\":1080,\"caption\":\"asesor\u00eda para cooperativas\"},{\"@type\":\"BreadcrumbList\",\"@id\":\"https:\/\/alc-assessors.com\/es\/assessoria-per-a-cooperatives\/#breadcrumb\",\"itemListElement\":[{\"@type\":\"ListItem\",\"position\":1,\"name\":\"Home\",\"item\":\"https:\/\/alc-assessors.com\/es\/home\/\"},{\"@type\":\"ListItem\",\"position\":2,\"name\":\"Asesor\u00eda para cooperativas\"}]},{\"@type\":\"WebSite\",\"@id\":\"https:\/\/alc-assessors.com\/#website\",\"url\":\"https:\/\/alc-assessors.com\/\",\"name\":\"ALC Assessors\",\"description\":\"Assessoria especialitzada en cooperatives i societats sense \u00e0nim de lucre\",\"potentialAction\":[{\"@type\":\"SearchAction\",\"target\":{\"@type\":\"EntryPoint\",\"urlTemplate\":\"https:\/\/alc-assessors.com\/?s={search_term_string}\"},\"query-input\":{\"@type\":\"PropertyValueSpecification\",\"valueRequired\":true,\"valueName\":\"search_term_string\"}}],\"inLanguage\":\"es\"}]}<\/script>\n<!-- \/ Yoast SEO plugin. -->","yoast_head_json":{"title":"Asesor\u00eda para cooperativas | Soporte fiscal, laboral y contable","description":"Descubra nuestra asesor\u00eda para cooperativas: servicios fiscales, laborales, contables y legales adaptados a su proyecto.","robots":{"index":"index","follow":"follow","max-snippet":"max-snippet:-1","max-image-preview":"max-image-preview:large","max-video-preview":"max-video-preview:-1"},"canonical":"https:\/\/alc-assessors.com\/es\/assessoria-per-a-cooperatives\/","og_locale":"es_ES","og_type":"article","og_title":"Asesor\u00eda para cooperativas | Soporte fiscal, laboral y contable","og_description":"Descubra nuestra asesor\u00eda para cooperativas: servicios fiscales, laborales, contables y legales adaptados a su proyecto.","og_url":"https:\/\/alc-assessors.com\/es\/assessoria-per-a-cooperatives\/","og_site_name":"ALC Assessors","article_modified_time":"2025-09-18T08:24:27+00:00","og_image":[{"width":1080,"height":1080,"url":"https:\/\/alc-assessors.com\/wp-content\/uploads\/2025\/08\/assessoria-per-a-cooperatives.jpg","type":"image\/jpeg"}],"twitter_card":"summary_large_image","twitter_misc":{"Tiempo de lectura":"2 minutos"},"schema":{"@context":"https:\/\/schema.org","@graph":[{"@type":"WebPage","@id":"https:\/\/alc-assessors.com\/es\/assessoria-per-a-cooperatives\/","url":"https:\/\/alc-assessors.com\/es\/assessoria-per-a-cooperatives\/","name":"Asesor\u00eda para cooperativas | Soporte fiscal, laboral y contable","isPartOf":{"@id":"https:\/\/alc-assessors.com\/#website"},"primaryImageOfPage":{"@id":"https:\/\/alc-assessors.com\/es\/assessoria-per-a-cooperatives\/#primaryimage"},"image":{"@id":"https:\/\/alc-assessors.com\/es\/assessoria-per-a-cooperatives\/#primaryimage"},"thumbnailUrl":"https:\/\/alc-assessors.com\/wp-content\/uploads\/2025\/08\/assessoria-per-a-cooperatives.jpg","datePublished":"2025-08-20T09:57:03+00:00","dateModified":"2025-09-18T08:24:27+00:00","description":"Descubra nuestra asesor\u00eda para cooperativas: servicios fiscales, laborales, contables y legales adaptados a su proyecto.","breadcrumb":{"@id":"https:\/\/alc-assessors.com\/es\/assessoria-per-a-cooperatives\/#breadcrumb"},"inLanguage":"es","potentialAction":[{"@type":"ReadAction","target":["https:\/\/alc-assessors.com\/es\/assessoria-per-a-cooperatives\/"]}]},{"@type":"ImageObject","inLanguage":"es","@id":"https:\/\/alc-assessors.com\/es\/assessoria-per-a-cooperatives\/#primaryimage","url":"https:\/\/alc-assessors.com\/wp-content\/uploads\/2025\/08\/assessoria-per-a-cooperatives.jpg","contentUrl":"https:\/\/alc-assessors.com\/wp-content\/uploads\/2025\/08\/assessoria-per-a-cooperatives.jpg","width":1080,"height":1080,"caption":"asesor\u00eda para cooperativas"},{"@type":"BreadcrumbList","@id":"https:\/\/alc-assessors.com\/es\/assessoria-per-a-cooperatives\/#breadcrumb","itemListElement":[{"@type":"ListItem","position":1,"name":"Home","item":"https:\/\/alc-assessors.com\/es\/home\/"},{"@type":"ListItem","position":2,"name":"Asesor\u00eda para cooperativas"}]},{"@type":"WebSite","@id":"https:\/\/alc-assessors.com\/#website","url":"https:\/\/alc-assessors.com\/","name":"ALC Assessors","description":"Assessoria especialitzada en cooperatives i societats sense \u00e0nim de lucre","potentialAction":[{"@type":"SearchAction","target":{"@type":"EntryPoint","urlTemplate":"https:\/\/alc-assessors.com\/?s={search_term_string}"},"query-input":{"@type":"PropertyValueSpecification","valueRequired":true,"valueName":"search_term_string"}}],"inLanguage":"es"}]}},"_links":{"self":[{"href":"https:\/\/alc-assessors.com\/es\/wp-json\/wp\/v2\/pages\/400","targetHints":{"allow":["GET"]}}],"collection":[{"href":"https:\/\/alc-assessors.com\/es\/wp-json\/wp\/v2\/pages"}],"about":[{"href":"https:\/\/alc-assessors.com\/es\/wp-json\/wp\/v2\/types\/page"}],"author":[{"embeddable":true,"href":"https:\/\/alc-assessors.com\/es\/wp-json\/wp\/v2\/users\/1"}],"replies":[{"embeddable":true,"href":"https:\/\/alc-assessors.com\/es\/wp-json\/wp\/v2\/comments?post=400"}],"version-history":[{"count":2,"href":"https:\/\/alc-assessors.com\/es\/wp-json\/wp\/v2\/pages\/400\/revisions"}],"predecessor-version":[{"id":428,"href":"https:\/\/alc-assessors.com\/es\/wp-json\/wp\/v2\/pages\/400\/revisions\/428"}],"wp:featuredmedia":[{"embeddable":true,"href":"https:\/\/alc-assessors.com\/es\/wp-json\/wp\/v2\/media\/401"}],"wp:attachment":[{"href":"https:\/\/alc-assessors.com\/es\/wp-json\/wp\/v2\/media?parent=400"}],"curies":[{"name":"wp","href":"https:\/\/api.w.org\/{rel}","templated":true}]}}