{"id":403,"date":"2025-08-20T09:00:26","date_gmt":"2025-08-20T09:00:26","guid":{"rendered":"https:\/\/alc-assessors.com\/gestoria-cooperativa\/"},"modified":"2025-09-18T08:48:15","modified_gmt":"2025-09-18T08:48:15","slug":"gestoria-cooperativa","status":"publish","type":"page","link":"https:\/\/alc-assessors.com\/es\/gestoria-cooperativa\/","title":{"rendered":"Gestor\u00eda cooperativa"},"content":{"rendered":"\t\t<div data-elementor-type=\"wp-page\" data-elementor-id=\"403\" class=\"elementor elementor-403 elementor-331\" data-elementor-post-type=\"page\">\n\t\t\t\t<div class=\"elementor-element elementor-element-fae6dac e-flex e-con-boxed e-con e-parent\" data-id=\"fae6dac\" data-element_type=\"container\" data-settings=\"{&quot;background_background&quot;:&quot;classic&quot;}\">\n\t\t\t\t\t<div class=\"e-con-inner\">\n\t\t<div class=\"elementor-element elementor-element-071bfcd e-con-full animated-slow e-flex elementor-invisible e-con e-child\" data-id=\"071bfcd\" data-element_type=\"container\" data-settings=\"{&quot;animation&quot;:&quot;fadeInLeft&quot;}\">\n\t\t\t\t<div class=\"elementor-element elementor-element-b8fa6c8 elementor-widget elementor-widget-heading\" data-id=\"b8fa6c8\" data-element_type=\"widget\" data-widget_type=\"heading.default\">\n\t\t\t\t<div class=\"elementor-widget-container\">\n\t\t\t\t\t<h1 class=\"elementor-heading-title elementor-size-default\">Gestor\u00eda cooperativa<\/h1>\t\t\t\t<\/div>\n\t\t\t\t<\/div>\n\t\t\t\t<div class=\"elementor-element elementor-element-a4c2e15 elementor-widget elementor-widget-heading\" data-id=\"a4c2e15\" data-element_type=\"widget\" data-widget_type=\"heading.default\">\n\t\t\t\t<div class=\"elementor-widget-container\">\n\t\t\t\t\t<div class=\"elementor-heading-title elementor-size-default\">de confianza para hacer crecer tu proyecto<\/div>\t\t\t\t<\/div>\n\t\t\t\t<\/div>\n\t\t\t\t<\/div>\n\t\t<div class=\"elementor-element elementor-element-53e70bd e-con-full e-flex e-con e-child\" data-id=\"53e70bd\" data-element_type=\"container\">\n\t\t\t\t<\/div>\n\t\t\t\t\t<\/div>\n\t\t\t\t<\/div>\n\t\t<div class=\"elementor-element elementor-element-99ec87d e-flex e-con-boxed e-con e-parent\" data-id=\"99ec87d\" data-element_type=\"container\" data-settings=\"{&quot;background_background&quot;:&quot;classic&quot;}\">\n\t\t\t\t\t<div class=\"e-con-inner\">\n\t\t<div class=\"elementor-element elementor-element-4224d9f e-con-full e-flex e-con e-child\" data-id=\"4224d9f\" data-element_type=\"container\">\n\t\t\t\t<div class=\"elementor-element elementor-element-cec4ea2 elementor-widget elementor-widget-heading\" data-id=\"cec4ea2\" data-element_type=\"widget\" data-widget_type=\"heading.default\">\n\t\t\t\t<div class=\"elementor-widget-container\">\n\t\t\t\t\t<h2 class=\"elementor-heading-title elementor-size-default\">Acompa\u00f1amos la econom\u00eda social<\/h2>\t\t\t\t<\/div>\n\t\t\t\t<\/div>\n\t\t\t\t<div class=\"elementor-element elementor-element-6d5a65c elementor-widget elementor-widget-text-editor\" data-id=\"6d5a65c\" data-element_type=\"widget\" data-widget_type=\"text-editor.default\">\n\t\t\t\t<div class=\"elementor-widget-container\">\n\t\t\t\t\t\t\t\t\t<p>En <strong data-start=\"810\" data-end=\"827\">ALC Asesores<\/strong> somos una <strong data-start=\"836\" data-end=\"860\">gestor\u00eda cooperativa<\/strong> especializada en el acompa\u00f1amiento de <strong data-start=\"898\" data-end=\"914\">cooperativas<\/strong> y <strong data-start=\"917\" data-end=\"948\">proyectos de econom\u00eda social<\/strong>. Te ayudamos a gestionar todos los aspectos fiscales, laborales y contables porque te puedas centrar en el que realmente importa: hacer crecer tu proyecto con seguridad y tranquilidad. <\/p>\t\t\t\t\t\t\t\t<\/div>\n\t\t\t\t<\/div>\n\t\t\t\t<\/div>\n\t\t\t\t\t<\/div>\n\t\t\t\t<\/div>\n\t\t<div class=\"elementor-element elementor-element-1dcf03d e-con-full e-flex e-con e-parent\" data-id=\"1dcf03d\" data-element_type=\"container\">\n\t\t<div class=\"elementor-element elementor-element-547431a e-con-full animated-slow e-flex elementor-invisible e-con e-child\" data-id=\"547431a\" data-element_type=\"container\" data-settings=\"{&quot;animation&quot;:&quot;fadeInLeft&quot;}\">\n\t\t\t\t<div class=\"elementor-element elementor-element-50eb523 elementor-widget elementor-widget-heading\" data-id=\"50eb523\" data-element_type=\"widget\" data-widget_type=\"heading.default\">\n\t\t\t\t<div class=\"elementor-widget-container\">\n\t\t\t\t\t<h3 class=\"elementor-heading-title elementor-size-default\">Constituci\u00f3n de cooperativas<\/h3>\t\t\t\t<\/div>\n\t\t\t\t<\/div>\n\t\t\t\t<div class=\"elementor-element elementor-element-caa136c elementor-widget elementor-widget-text-editor\" data-id=\"caa136c\" data-element_type=\"widget\" data-widget_type=\"text-editor.default\">\n\t\t\t\t<div class=\"elementor-widget-container\">\n\t\t\t\t\t\t\t\t\t<p>Te acompa\u00f1amos en todo el proceso de <strong data-start=\"1243\" data-end=\"1277\">creaci\u00f3n de tu cooperativa<\/strong>, desde la redacci\u00f3n de estatutos hasta su inscripci\u00f3n.<\/p>\t\t\t\t\t\t\t\t<\/div>\n\t\t\t\t<\/div>\n\t\t\t\t<\/div>\n\t\t<div class=\"elementor-element elementor-element-5ae9950 e-con-full animated-slow e-flex elementor-invisible e-con e-child\" data-id=\"5ae9950\" data-element_type=\"container\" data-settings=\"{&quot;animation&quot;:&quot;fadeInLeft&quot;}\">\n\t\t\t\t<div class=\"elementor-element elementor-element-33b7d50 elementor-widget elementor-widget-heading\" data-id=\"33b7d50\" data-element_type=\"widget\" data-widget_type=\"heading.default\">\n\t\t\t\t<div class=\"elementor-widget-container\">\n\t\t\t\t\t<h2 class=\"elementor-heading-title elementor-size-default\">Gesti\u00f3n fiscal y contable<\/h2>\t\t\t\t<\/div>\n\t\t\t\t<\/div>\n\t\t\t\t<div class=\"elementor-element elementor-element-5c1f886 elementor-widget elementor-widget-text-editor\" data-id=\"5c1f886\" data-element_type=\"widget\" data-widget_type=\"text-editor.default\">\n\t\t\t\t<div class=\"elementor-widget-container\">\n\t\t\t\t\t\t\t\t\t<p>Llevamos en el d\u00eda tus <strong data-start=\"1403\" data-end=\"1446\">impuestos, declaraciones y cuentas anuales<\/strong> para garantizar el cumplimiento de la normativa.<\/p>\t\t\t\t\t\t\t\t<\/div>\n\t\t\t\t<\/div>\n\t\t\t\t<\/div>\n\t\t<div class=\"elementor-element elementor-element-1fe269e e-con-full animated-slow e-flex elementor-invisible e-con e-child\" data-id=\"1fe269e\" data-element_type=\"container\" data-settings=\"{&quot;animation&quot;:&quot;fadeInLeft&quot;}\">\n\t\t\t\t<div class=\"elementor-element elementor-element-ade7700 elementor-widget elementor-widget-heading\" data-id=\"ade7700\" data-element_type=\"widget\" data-widget_type=\"heading.default\">\n\t\t\t\t<div class=\"elementor-widget-container\">\n\t\t\t\t\t<h2 class=\"elementor-heading-title elementor-size-default\">Asesoramiento laboral<\/h2>\t\t\t\t<\/div>\n\t\t\t\t<\/div>\n\t\t\t\t<div class=\"elementor-element elementor-element-1096801 elementor-widget elementor-widget-text-editor\" data-id=\"1096801\" data-element_type=\"widget\" data-widget_type=\"text-editor.default\">\n\t\t\t\t<div class=\"elementor-widget-container\">\n\t\t\t\t\t\t\t\t\t<p>Te ayudamos con la <strong data-start=\"1547\" data-end=\"1572\">contrataci\u00f3n, n\u00f3minas<\/strong> y gesti\u00f3n de personal, con soluciones adaptadas a las necesidades de tu cooperativa.<\/p>\t\t\t\t\t\t\t\t<\/div>\n\t\t\t\t<\/div>\n\t\t\t\t<\/div>\n\t\t\t\t<\/div>\n\t\t<div class=\"elementor-element elementor-element-cf504ce e-con-full e-flex e-con e-parent\" data-id=\"cf504ce\" data-element_type=\"container\" data-settings=\"{&quot;background_background&quot;:&quot;classic&quot;}\">\n\t\t<div class=\"elementor-element elementor-element-c0927ab e-con-full e-flex e-con e-child\" data-id=\"c0927ab\" data-element_type=\"container\" data-settings=\"{&quot;background_background&quot;:&quot;classic&quot;}\">\n\t\t<div class=\"elementor-element elementor-element-c371099 e-con-full e-flex e-con e-child\" data-id=\"c371099\" data-element_type=\"container\" data-settings=\"{&quot;background_background&quot;:&quot;classic&quot;}\">\n\t\t<div class=\"elementor-element elementor-element-1ecbbd8 e-con-full e-flex e-con e-child\" data-id=\"1ecbbd8\" data-element_type=\"container\">\n\t\t\t\t<\/div>\n\t\t\t\t<\/div>\n\t\t<div class=\"elementor-element elementor-element-a80ab78 e-con-full e-flex e-con e-child\" data-id=\"a80ab78\" data-element_type=\"container\" data-settings=\"{&quot;background_background&quot;:&quot;classic&quot;}\">\n\t\t<div class=\"elementor-element elementor-element-9be6405 e-con-full e-flex e-con e-child\" data-id=\"9be6405\" data-element_type=\"container\">\n\t\t\t\t<div class=\"elementor-element elementor-element-1659384 elementor-widget elementor-widget-heading\" data-id=\"1659384\" data-element_type=\"widget\" data-widget_type=\"heading.default\">\n\t\t\t\t<div class=\"elementor-widget-container\">\n\t\t\t\t\t<h2 class=\"elementor-heading-title elementor-size-default\">Hablemos de su proyecto<\/h2>\t\t\t\t<\/div>\n\t\t\t\t<\/div>\n\t\t\t\t<div class=\"elementor-element elementor-element-105d3bf elementor-widget elementor-widget-button\" data-id=\"105d3bf\" data-element_type=\"widget\" data-widget_type=\"button.default\">\n\t\t\t\t<div class=\"elementor-widget-container\">\n\t\t\t\t\t\t\t\t\t<div class=\"elementor-button-wrapper\">\n\t\t\t\t\t<a class=\"elementor-button elementor-button-link elementor-size-sm\" href=\"#\">\n\t\t\t\t\t\t<span class=\"elementor-button-content-wrapper\">\n\t\t\t\t\t\t\t\t\t<span class=\"elementor-button-text\">Solicitar cita<\/span>\n\t\t\t\t\t<\/span>\n\t\t\t\t\t<\/a>\n\t\t\t\t<\/div>\n\t\t\t\t\t\t\t\t<\/div>\n\t\t\t\t<\/div>\n\t\t\t\t<\/div>\n\t\t\t\t<\/div>\n\t\t\t\t<\/div>\n\t\t\t\t<\/div>\n\t\t<div class=\"elementor-element elementor-element-5bcf6ed e-flex e-con-boxed e-con e-parent\" data-id=\"5bcf6ed\" data-element_type=\"container\">\n\t\t\t\t\t<div class=\"e-con-inner\">\n\t\t\t\t<div class=\"elementor-element elementor-element-faab6fc elementor-widget elementor-widget-spacer\" data-id=\"faab6fc\" data-element_type=\"widget\" data-widget_type=\"spacer.default\">\n\t\t\t\t<div class=\"elementor-widget-container\">\n\t\t\t\t\t\t\t<div class=\"elementor-spacer\">\n\t\t\t<div class=\"elementor-spacer-inner\"><\/div>\n\t\t<\/div>\n\t\t\t\t\t\t<\/div>\n\t\t\t\t<\/div>\n\t\t\t\t\t<\/div>\n\t\t\t\t<\/div>\n\t\t<div class=\"elementor-element elementor-element-65a8288 e-flex e-con-boxed e-con e-parent\" data-id=\"65a8288\" data-element_type=\"container\">\n\t\t\t\t\t<div class=\"e-con-inner\">\n\t\t\t\t<div class=\"elementor-element elementor-element-ea74baa elementor-widget elementor-widget-heading\" data-id=\"ea74baa\" data-element_type=\"widget\" data-widget_type=\"heading.default\">\n\t\t\t\t<div class=\"elementor-widget-container\">\n\t\t\t\t\t<h2 class=\"elementor-heading-title elementor-size-default\">Gestor\u00eda cooperativa por Cooperativas y Asssociacions <\/h2>\t\t\t\t<\/div>\n\t\t\t\t<\/div>\n\t\t\t\t\t<\/div>\n\t\t\t\t<\/div>\n\t\t<div class=\"elementor-element elementor-element-0328af1 e-flex e-con-boxed e-con e-parent\" data-id=\"0328af1\" data-element_type=\"container\">\n\t\t\t\t\t<div class=\"e-con-inner\">\n\t\t\t\t<div class=\"elementor-element elementor-element-cc7ce26 elementor-widget elementor-widget-text-editor\" data-id=\"cc7ce26\" data-element_type=\"widget\" data-widget_type=\"text-editor.default\">\n\t\t\t\t<div class=\"elementor-widget-container\">\n\t\t\t\t\t\t\t\t\t<p data-start=\"1695\" data-end=\"2141\">Si buscas una <strong data-start=\"1710\" data-end=\"1734\">gestor\u00eda cooperativa<\/strong> especializada, a <strong data-start=\"1753\" data-end=\"1770\">ALC Asesores<\/strong> te ofrecemos servicios integrales para la <strong data-start=\"1807\" data-end=\"1845\">gesti\u00f3n fiscal, contable y laboral<\/strong> de tu <strong data-start=\"1857\" data-end=\"1872\">cooperativa<\/strong>. Nos encargamos de todo: desde la <strong data-start=\"1908\" data-end=\"1939\">constituci\u00f3n de cooperativas<\/strong> hasta su <strong data-start=\"1952\" data-end=\"1981\">crecimiento y consolidaci\u00f3n<\/strong>. Conocemos las particularidades de la <strong data-start=\"2017\" data-end=\"2036\">econom\u00eda social<\/strong> y trabajamos para ofrecer soluciones personalizadas que garanticen el cumplimiento de la normativa vigente.  <\/p><p>\n<\/p><p data-start=\"2143\" data-end=\"2509\">Con nuestra experiencia, podr\u00e1s delegar todas las gestiones administrativas, <strong data-start=\"2221\" data-end=\"2243\">fiscales y laborales<\/strong>, mientras nos aseguramos que tu <strong data-start=\"2278\" data-end=\"2293\">cooperativa<\/strong> cumpla con sus obligaciones y aproveche todas las ventajas fiscales disponibles. Somos la <strong data-start=\"2389\" data-end=\"2417\">gestor\u00eda de cooperativas<\/strong> que te apoya en cada etapa del proyecto, ayud\u00e1ndote a crecer de manera sostenible. <\/p>\t\t\t\t\t\t\t\t<\/div>\n\t\t\t\t<\/div>\n\t\t\t\t\t<\/div>\n\t\t\t\t<\/div>\n\t\t\t\t<\/div>\n\t\t","protected":false},"excerpt":{"rendered":"<p>Gestor\u00eda cooperativa de confianza para hacer crecer tu proyecto Acompa\u00f1amos la econom\u00eda social En ALC Asesores somos una gestor\u00eda cooperativa especializada en el acompa\u00f1amiento de cooperativas y proyectos de econom\u00eda social. Te ayudamos a gestionar todos los aspectos fiscales, laborales y contables porque te puedas centrar en el que realmente importa: hacer crecer tu proyecto [&hellip;]<\/p>\n","protected":false},"author":1,"featured_media":404,"parent":0,"menu_order":0,"comment_status":"closed","ping_status":"closed","template":"elementor_header_footer","meta":{"site-sidebar-layout":"no-sidebar","site-content-layout":"page-builder","ast-site-content-layout":"full-width-container","site-content-style":"unboxed","site-sidebar-style":"unboxed","ast-global-header-display":"","ast-banner-title-visibility":"","ast-main-header-display":"","ast-hfb-above-header-display":"","ast-hfb-below-header-display":"","ast-hfb-mobile-header-display":"","site-post-title":"disabled","ast-breadcrumbs-content":"","ast-featured-img":"disabled","footer-sml-layout":"","theme-transparent-header-meta":"default","adv-header-id-meta":"","stick-header-meta":"default","header-above-stick-meta":"","header-main-stick-meta":"","header-below-stick-meta":"","astra-migrate-meta-layouts":"set","ast-page-background-enabled":"default","ast-page-background-meta":{"desktop":{"background-color":"var(--ast-global-color-4)","background-image":"","background-repeat":"repeat","background-position":"center center","background-size":"auto","background-attachment":"scroll","background-type":"","background-media":"","overlay-type":"","overlay-color":"","overlay-opacity":"","overlay-gradient":""},"tablet":{"background-color":"","background-image":"","background-repeat":"repeat","background-position":"center center","background-size":"auto","background-attachment":"scroll","background-type":"","background-media":"","overlay-type":"","overlay-color":"","overlay-opacity":"","overlay-gradient":""},"mobile":{"background-color":"","background-image":"","background-repeat":"repeat","background-position":"center center","background-size":"auto","background-attachment":"scroll","background-type":"","background-media":"","overlay-type":"","overlay-color":"","overlay-opacity":"","overlay-gradient":""}},"ast-content-background-meta":{"desktop":{"background-color":"var(--ast-global-color-5)","background-image":"","background-repeat":"repeat","background-position":"center center","background-size":"auto","background-attachment":"scroll","background-type":"","background-media":"","overlay-type":"","overlay-color":"","overlay-opacity":"","overlay-gradient":""},"tablet":{"background-color":"var(--ast-global-color-5)","background-image":"","background-repeat":"repeat","background-position":"center center","background-size":"auto","background-attachment":"scroll","background-type":"","background-media":"","overlay-type":"","overlay-color":"","overlay-opacity":"","overlay-gradient":""},"mobile":{"background-color":"var(--ast-global-color-5)","background-image":"","background-repeat":"repeat","background-position":"center center","background-size":"auto","background-attachment":"scroll","background-type":"","background-media":"","overlay-type":"","overlay-color":"","overlay-opacity":"","overlay-gradient":""}},"footnotes":""},"class_list":["post-403","page","type-page","status-publish","has-post-thumbnail","hentry"],"yoast_head":"<!-- This site is optimized with the Yoast SEO plugin v25.8 - https:\/\/yoast.com\/wordpress\/plugins\/seo\/ -->\n<title>Gestor\u00eda cooperativa | Servicios especializados para cooperativas<\/title>\n<meta name=\"description\" content=\"En ALC Asesores somos una gestor\u00eda cooperativa especializada. Te acompa\u00f1amos en la gesti\u00f3n fiscal, contable y laboral de tu cooperativa.\" \/>\n<meta name=\"robots\" content=\"index, follow, max-snippet:-1, max-image-preview:large, max-video-preview:-1\" \/>\n<link rel=\"canonical\" href=\"https:\/\/alc-assessors.com\/es\/gestoria-cooperativa\/\" \/>\n<meta property=\"og:locale\" content=\"es_ES\" \/>\n<meta property=\"og:type\" content=\"article\" \/>\n<meta property=\"og:title\" content=\"Gestor\u00eda cooperativa | Servicios especializados para cooperativas\" \/>\n<meta property=\"og:description\" content=\"En ALC Asesores somos una gestor\u00eda cooperativa especializada. Te acompa\u00f1amos en la gesti\u00f3n fiscal, contable y laboral de tu cooperativa.\" \/>\n<meta property=\"og:url\" content=\"https:\/\/alc-assessors.com\/es\/gestoria-cooperativa\/\" \/>\n<meta property=\"og:site_name\" content=\"ALC Assessors\" \/>\n<meta property=\"article:modified_time\" content=\"2025-09-18T08:48:15+00:00\" \/>\n<meta property=\"og:image\" content=\"https:\/\/alc-assessors.com\/wp-content\/uploads\/2025\/08\/gestoria-cooperativa.jpg\" \/>\n\t<meta property=\"og:image:width\" content=\"1080\" \/>\n\t<meta property=\"og:image:height\" content=\"1080\" \/>\n\t<meta property=\"og:image:type\" content=\"image\/jpeg\" \/>\n<meta name=\"twitter:card\" content=\"summary_large_image\" \/>\n<meta name=\"twitter:label1\" content=\"Tiempo de lectura\" \/>\n\t<meta name=\"twitter:data1\" content=\"2 minutos\" \/>\n<script type=\"application\/ld+json\" class=\"yoast-schema-graph\">{\"@context\":\"https:\/\/schema.org\",\"@graph\":[{\"@type\":\"WebPage\",\"@id\":\"https:\/\/alc-assessors.com\/es\/gestoria-cooperativa\/\",\"url\":\"https:\/\/alc-assessors.com\/es\/gestoria-cooperativa\/\",\"name\":\"Gestor\u00eda cooperativa | Servicios especializados para cooperativas\",\"isPartOf\":{\"@id\":\"https:\/\/alc-assessors.com\/#website\"},\"primaryImageOfPage\":{\"@id\":\"https:\/\/alc-assessors.com\/es\/gestoria-cooperativa\/#primaryimage\"},\"image\":{\"@id\":\"https:\/\/alc-assessors.com\/es\/gestoria-cooperativa\/#primaryimage\"},\"thumbnailUrl\":\"https:\/\/alc-assessors.com\/wp-content\/uploads\/2025\/08\/gestoria-cooperativa.jpg\",\"datePublished\":\"2025-08-20T09:00:26+00:00\",\"dateModified\":\"2025-09-18T08:48:15+00:00\",\"description\":\"En ALC Asesores somos una gestor\u00eda cooperativa especializada. Te acompa\u00f1amos en la gesti\u00f3n fiscal, contable y laboral de tu cooperativa.\",\"breadcrumb\":{\"@id\":\"https:\/\/alc-assessors.com\/es\/gestoria-cooperativa\/#breadcrumb\"},\"inLanguage\":\"es\",\"potentialAction\":[{\"@type\":\"ReadAction\",\"target\":[\"https:\/\/alc-assessors.com\/es\/gestoria-cooperativa\/\"]}]},{\"@type\":\"ImageObject\",\"inLanguage\":\"es\",\"@id\":\"https:\/\/alc-assessors.com\/es\/gestoria-cooperativa\/#primaryimage\",\"url\":\"https:\/\/alc-assessors.com\/wp-content\/uploads\/2025\/08\/gestoria-cooperativa.jpg\",\"contentUrl\":\"https:\/\/alc-assessors.com\/wp-content\/uploads\/2025\/08\/gestoria-cooperativa.jpg\",\"width\":1080,\"height\":1080,\"caption\":\"gestor\u00eda cooperativa\"},{\"@type\":\"BreadcrumbList\",\"@id\":\"https:\/\/alc-assessors.com\/es\/gestoria-cooperativa\/#breadcrumb\",\"itemListElement\":[{\"@type\":\"ListItem\",\"position\":1,\"name\":\"Home\",\"item\":\"https:\/\/alc-assessors.com\/es\/home\/\"},{\"@type\":\"ListItem\",\"position\":2,\"name\":\"Gestor\u00eda cooperativa\"}]},{\"@type\":\"WebSite\",\"@id\":\"https:\/\/alc-assessors.com\/#website\",\"url\":\"https:\/\/alc-assessors.com\/\",\"name\":\"ALC Assessors\",\"description\":\"Assessoria especialitzada en cooperatives i societats sense \u00e0nim de lucre\",\"potentialAction\":[{\"@type\":\"SearchAction\",\"target\":{\"@type\":\"EntryPoint\",\"urlTemplate\":\"https:\/\/alc-assessors.com\/?s={search_term_string}\"},\"query-input\":{\"@type\":\"PropertyValueSpecification\",\"valueRequired\":true,\"valueName\":\"search_term_string\"}}],\"inLanguage\":\"es\"}]}<\/script>\n<!-- \/ Yoast SEO plugin. -->","yoast_head_json":{"title":"Gestor\u00eda cooperativa | Servicios especializados para cooperativas","description":"En ALC Asesores somos una gestor\u00eda cooperativa especializada. Te acompa\u00f1amos en la gesti\u00f3n fiscal, contable y laboral de tu cooperativa.","robots":{"index":"index","follow":"follow","max-snippet":"max-snippet:-1","max-image-preview":"max-image-preview:large","max-video-preview":"max-video-preview:-1"},"canonical":"https:\/\/alc-assessors.com\/es\/gestoria-cooperativa\/","og_locale":"es_ES","og_type":"article","og_title":"Gestor\u00eda cooperativa | Servicios especializados para cooperativas","og_description":"En ALC Asesores somos una gestor\u00eda cooperativa especializada. Te acompa\u00f1amos en la gesti\u00f3n fiscal, contable y laboral de tu cooperativa.","og_url":"https:\/\/alc-assessors.com\/es\/gestoria-cooperativa\/","og_site_name":"ALC Assessors","article_modified_time":"2025-09-18T08:48:15+00:00","og_image":[{"width":1080,"height":1080,"url":"https:\/\/alc-assessors.com\/wp-content\/uploads\/2025\/08\/gestoria-cooperativa.jpg","type":"image\/jpeg"}],"twitter_card":"summary_large_image","twitter_misc":{"Tiempo de lectura":"2 minutos"},"schema":{"@context":"https:\/\/schema.org","@graph":[{"@type":"WebPage","@id":"https:\/\/alc-assessors.com\/es\/gestoria-cooperativa\/","url":"https:\/\/alc-assessors.com\/es\/gestoria-cooperativa\/","name":"Gestor\u00eda cooperativa | Servicios especializados para cooperativas","isPartOf":{"@id":"https:\/\/alc-assessors.com\/#website"},"primaryImageOfPage":{"@id":"https:\/\/alc-assessors.com\/es\/gestoria-cooperativa\/#primaryimage"},"image":{"@id":"https:\/\/alc-assessors.com\/es\/gestoria-cooperativa\/#primaryimage"},"thumbnailUrl":"https:\/\/alc-assessors.com\/wp-content\/uploads\/2025\/08\/gestoria-cooperativa.jpg","datePublished":"2025-08-20T09:00:26+00:00","dateModified":"2025-09-18T08:48:15+00:00","description":"En ALC Asesores somos una gestor\u00eda cooperativa especializada. Te acompa\u00f1amos en la gesti\u00f3n fiscal, contable y laboral de tu cooperativa.","breadcrumb":{"@id":"https:\/\/alc-assessors.com\/es\/gestoria-cooperativa\/#breadcrumb"},"inLanguage":"es","potentialAction":[{"@type":"ReadAction","target":["https:\/\/alc-assessors.com\/es\/gestoria-cooperativa\/"]}]},{"@type":"ImageObject","inLanguage":"es","@id":"https:\/\/alc-assessors.com\/es\/gestoria-cooperativa\/#primaryimage","url":"https:\/\/alc-assessors.com\/wp-content\/uploads\/2025\/08\/gestoria-cooperativa.jpg","contentUrl":"https:\/\/alc-assessors.com\/wp-content\/uploads\/2025\/08\/gestoria-cooperativa.jpg","width":1080,"height":1080,"caption":"gestor\u00eda cooperativa"},{"@type":"BreadcrumbList","@id":"https:\/\/alc-assessors.com\/es\/gestoria-cooperativa\/#breadcrumb","itemListElement":[{"@type":"ListItem","position":1,"name":"Home","item":"https:\/\/alc-assessors.com\/es\/home\/"},{"@type":"ListItem","position":2,"name":"Gestor\u00eda cooperativa"}]},{"@type":"WebSite","@id":"https:\/\/alc-assessors.com\/#website","url":"https:\/\/alc-assessors.com\/","name":"ALC Assessors","description":"Assessoria especialitzada en cooperatives i societats sense \u00e0nim de lucre","potentialAction":[{"@type":"SearchAction","target":{"@type":"EntryPoint","urlTemplate":"https:\/\/alc-assessors.com\/?s={search_term_string}"},"query-input":{"@type":"PropertyValueSpecification","valueRequired":true,"valueName":"search_term_string"}}],"inLanguage":"es"}]}},"_links":{"self":[{"href":"https:\/\/alc-assessors.com\/es\/wp-json\/wp\/v2\/pages\/403","targetHints":{"allow":["GET"]}}],"collection":[{"href":"https:\/\/alc-assessors.com\/es\/wp-json\/wp\/v2\/pages"}],"about":[{"href":"https:\/\/alc-assessors.com\/es\/wp-json\/wp\/v2\/types\/page"}],"author":[{"embeddable":true,"href":"https:\/\/alc-assessors.com\/es\/wp-json\/wp\/v2\/users\/1"}],"replies":[{"embeddable":true,"href":"https:\/\/alc-assessors.com\/es\/wp-json\/wp\/v2\/comments?post=403"}],"version-history":[{"count":4,"href":"https:\/\/alc-assessors.com\/es\/wp-json\/wp\/v2\/pages\/403\/revisions"}],"predecessor-version":[{"id":432,"href":"https:\/\/alc-assessors.com\/es\/wp-json\/wp\/v2\/pages\/403\/revisions\/432"}],"wp:featuredmedia":[{"embeddable":true,"href":"https:\/\/alc-assessors.com\/es\/wp-json\/wp\/v2\/media\/404"}],"wp:attachment":[{"href":"https:\/\/alc-assessors.com\/es\/wp-json\/wp\/v2\/media?parent=403"}],"curies":[{"name":"wp","href":"https:\/\/api.w.org\/{rel}","templated":true}]}}