{"id":407,"date":"2025-08-18T13:45:33","date_gmt":"2025-08-18T13:45:33","guid":{"rendered":"https:\/\/alc-assessors.com\/servei-comptable\/"},"modified":"2025-09-18T10:14:21","modified_gmt":"2025-09-18T10:14:21","slug":"servei-comptable","status":"publish","type":"page","link":"https:\/\/alc-assessors.com\/es\/servei-comptable\/","title":{"rendered":"Servicio contable"},"content":{"rendered":"\t\t<div data-elementor-type=\"wp-page\" data-elementor-id=\"407\" class=\"elementor elementor-407 elementor-268\" data-elementor-post-type=\"page\">\n\t\t\t\t<div class=\"elementor-element elementor-element-e462295 e-flex e-con-boxed e-con e-parent\" data-id=\"e462295\" data-element_type=\"container\" data-settings=\"{&quot;background_background&quot;:&quot;classic&quot;}\">\n\t\t\t\t\t<div class=\"e-con-inner\">\n\t\t<div class=\"elementor-element elementor-element-4f4e035 e-con-full animated-slow e-flex elementor-invisible e-con e-child\" data-id=\"4f4e035\" data-element_type=\"container\" data-settings=\"{&quot;animation&quot;:&quot;fadeInLeft&quot;}\">\n\t\t\t\t<div class=\"elementor-element elementor-element-01664f5 elementor-widget elementor-widget-heading\" data-id=\"01664f5\" data-element_type=\"widget\" data-widget_type=\"heading.default\">\n\t\t\t\t<div class=\"elementor-widget-container\">\n\t\t\t\t\t<h1 class=\"elementor-heading-title elementor-size-default\">Asesor\u00eda contable para cooperativas y asociaciones sin \u00e1nimo de lucro<\/h1>\t\t\t\t<\/div>\n\t\t\t\t<\/div>\n\t\t\t\t<\/div>\n\t\t<div class=\"elementor-element elementor-element-9d01c9a e-con-full e-flex e-con e-child\" data-id=\"9d01c9a\" data-element_type=\"container\">\n\t\t\t\t<\/div>\n\t\t\t\t\t<\/div>\n\t\t\t\t<\/div>\n\t\t<div class=\"elementor-element elementor-element-607acae e-flex e-con-boxed e-con e-parent\" data-id=\"607acae\" data-element_type=\"container\" data-settings=\"{&quot;background_background&quot;:&quot;classic&quot;}\">\n\t\t\t\t\t<div class=\"e-con-inner\">\n\t\t<div class=\"elementor-element elementor-element-8ff00ec e-con-full e-flex e-con e-child\" data-id=\"8ff00ec\" data-element_type=\"container\">\n\t\t\t\t<div class=\"elementor-element elementor-element-7924bb2 elementor-widget elementor-widget-heading\" data-id=\"7924bb2\" data-element_type=\"widget\" data-widget_type=\"heading.default\">\n\t\t\t\t<div class=\"elementor-widget-container\">\n\t\t\t\t\t<h2 class=\"elementor-heading-title elementor-size-default\">Contabilidad clara y adaptada a la normativa<\/h2>\t\t\t\t<\/div>\n\t\t\t\t<\/div>\n\t\t\t\t<div class=\"elementor-element elementor-element-a0eb5ea elementor-widget elementor-widget-text-editor\" data-id=\"a0eb5ea\" data-element_type=\"widget\" data-widget_type=\"text-editor.default\">\n\t\t\t\t<div class=\"elementor-widget-container\">\n\t\t\t\t\t\t\t\t\t<p>Llevamos tu contabilidad con la m\u00e1xima transparencia y precisi\u00f3n. En cooperativas y asociaciones es clave cumplir con requisitos espec\u00edficos de justificaci\u00f3n de subvenciones y transparencia p\u00fablica. <\/p>\t\t\t\t\t\t\t\t<\/div>\n\t\t\t\t<\/div>\n\t\t\t\t<\/div>\n\t\t\t\t\t<\/div>\n\t\t\t\t<\/div>\n\t\t<div class=\"elementor-element elementor-element-a36a684 e-flex e-con-boxed e-con e-parent\" data-id=\"a36a684\" data-element_type=\"container\">\n\t\t\t\t\t<div class=\"e-con-inner\">\n\t\t<div class=\"elementor-element elementor-element-ff468af e-con-full animated-slow e-flex elementor-invisible e-con e-child\" data-id=\"ff468af\" data-element_type=\"container\" data-settings=\"{&quot;animation&quot;:&quot;fadeInLeft&quot;}\">\n\t\t\t\t<div class=\"elementor-element elementor-element-bef62dc elementor-widget elementor-widget-heading\" data-id=\"bef62dc\" data-element_type=\"widget\" data-widget_type=\"heading.default\">\n\t\t\t\t<div class=\"elementor-widget-container\">\n\t\t\t\t\t<h2 class=\"elementor-heading-title elementor-size-default\">Servicios contables que ofrecemos<\/h2>\t\t\t\t<\/div>\n\t\t\t\t<\/div>\n\t\t\t\t<div class=\"elementor-element elementor-element-fb965b7 elementor-align-left elementor-icon-list--layout-traditional elementor-list-item-link-full_width elementor-widget elementor-widget-icon-list\" data-id=\"fb965b7\" data-element_type=\"widget\" data-widget_type=\"icon-list.default\">\n\t\t\t\t<div class=\"elementor-widget-container\">\n\t\t\t\t\t\t\t<ul class=\"elementor-icon-list-items\">\n\t\t\t\t\t\t\t<li class=\"elementor-icon-list-item\">\n\t\t\t\t\t\t\t\t\t\t\t<span class=\"elementor-icon-list-icon\">\n\t\t\t\t\t\t\t<i aria-hidden=\"true\" class=\"fas fa-chevron-right\"><\/i>\t\t\t\t\t\t<\/span>\n\t\t\t\t\t\t\t\t\t\t<span class=\"elementor-icon-list-text\">Contabilidad de libros oficiales y cuentas anuales<\/span>\n\t\t\t\t\t\t\t\t\t<\/li>\n\t\t\t\t\t\t\t\t<li class=\"elementor-icon-list-item\">\n\t\t\t\t\t\t\t\t\t\t\t<span class=\"elementor-icon-list-icon\">\n\t\t\t\t\t\t\t<i aria-hidden=\"true\" class=\"fas fa-chevron-right\"><\/i>\t\t\t\t\t\t<\/span>\n\t\t\t\t\t\t\t\t\t\t<span class=\"elementor-icon-list-text\">Elaboraci\u00f3n de libros oficiales y cuentas anuales<\/span>\n\t\t\t\t\t\t\t\t\t<\/li>\n\t\t\t\t\t\t\t\t<li class=\"elementor-icon-list-item\">\n\t\t\t\t\t\t\t\t\t\t\t<span class=\"elementor-icon-list-icon\">\n\t\t\t\t\t\t\t<i aria-hidden=\"true\" class=\"fas fa-chevron-right\"><\/i>\t\t\t\t\t\t<\/span>\n\t\t\t\t\t\t\t\t\t\t<span class=\"elementor-icon-list-text\">Control presupuestario e informes peri\u00f3dicos<\/span>\n\t\t\t\t\t\t\t\t\t<\/li>\n\t\t\t\t\t\t\t\t<li class=\"elementor-icon-list-item\">\n\t\t\t\t\t\t\t\t\t\t\t<span class=\"elementor-icon-list-icon\">\n\t\t\t\t\t\t\t<i aria-hidden=\"true\" class=\"fas fa-chevron-right\"><\/i>\t\t\t\t\t\t<\/span>\n\t\t\t\t\t\t\t\t\t\t<span class=\"elementor-icon-list-text\">Preparaci\u00f3n de documentaci\u00f3n para subvenciones y ayudas<\/span>\n\t\t\t\t\t\t\t\t\t<\/li>\n\t\t\t\t\t\t\t\t<li class=\"elementor-icon-list-item\">\n\t\t\t\t\t\t\t\t\t\t\t<span class=\"elementor-icon-list-icon\">\n\t\t\t\t\t\t\t<i aria-hidden=\"true\" class=\"fas fa-chevron-right\"><\/i>\t\t\t\t\t\t<\/span>\n\t\t\t\t\t\t\t\t\t\t<span class=\"elementor-icon-list-text\">Cumplimiento de obligaciones espec\u00edficas de cooperativas y asociaciones<\/span>\n\t\t\t\t\t\t\t\t\t<\/li>\n\t\t\t\t\t\t<\/ul>\n\t\t\t\t\t\t<\/div>\n\t\t\t\t<\/div>\n\t\t\t\t<div class=\"elementor-element elementor-element-fc50ed7 elementor-widget elementor-widget-button\" data-id=\"fc50ed7\" data-element_type=\"widget\" data-widget_type=\"button.default\">\n\t\t\t\t<div class=\"elementor-widget-container\">\n\t\t\t\t\t\t\t\t\t<div class=\"elementor-button-wrapper\">\n\t\t\t\t\t<a class=\"elementor-button elementor-button-link elementor-size-sm\" href=\"#\">\n\t\t\t\t\t\t<span class=\"elementor-button-content-wrapper\">\n\t\t\t\t\t\t\t\t\t<span class=\"elementor-button-text\">Solicitar cita<\/span>\n\t\t\t\t\t<\/span>\n\t\t\t\t\t<\/a>\n\t\t\t\t<\/div>\n\t\t\t\t\t\t\t\t<\/div>\n\t\t\t\t<\/div>\n\t\t\t\t<\/div>\n\t\t<div class=\"elementor-element elementor-element-89847b1 e-con-full e-flex e-con e-child\" data-id=\"89847b1\" data-element_type=\"container\">\n\t\t<div class=\"elementor-element elementor-element-88d9fdf e-con-full animated-slow e-flex elementor-invisible e-con e-child\" data-id=\"88d9fdf\" data-element_type=\"container\" data-settings=\"{&quot;background_background&quot;:&quot;classic&quot;,&quot;animation&quot;:&quot;fadeIn&quot;}\">\n\t\t\t\t<\/div>\n\t\t\t\t<\/div>\n\t\t\t\t\t<\/div>\n\t\t\t\t<\/div>\n\t\t<div class=\"elementor-element elementor-element-59f4b58 e-con-full e-flex e-con e-parent\" data-id=\"59f4b58\" data-element_type=\"container\" data-settings=\"{&quot;background_background&quot;:&quot;classic&quot;}\">\n\t\t<div class=\"elementor-element elementor-element-dfdf150 e-con-full e-flex e-con e-child\" data-id=\"dfdf150\" data-element_type=\"container\" data-settings=\"{&quot;background_background&quot;:&quot;classic&quot;}\">\n\t\t<div class=\"elementor-element elementor-element-5db755b e-con-full e-flex e-con e-child\" data-id=\"5db755b\" data-element_type=\"container\" data-settings=\"{&quot;background_background&quot;:&quot;classic&quot;}\">\n\t\t<div class=\"elementor-element elementor-element-9ea5863 e-con-full e-flex e-con e-child\" data-id=\"9ea5863\" data-element_type=\"container\">\n\t\t\t\t<\/div>\n\t\t\t\t<\/div>\n\t\t<div class=\"elementor-element elementor-element-66653b4 e-con-full e-flex e-con e-child\" data-id=\"66653b4\" data-element_type=\"container\" data-settings=\"{&quot;background_background&quot;:&quot;classic&quot;}\">\n\t\t<div class=\"elementor-element elementor-element-fc716a0 e-con-full e-flex e-con e-child\" data-id=\"fc716a0\" data-element_type=\"container\">\n\t\t\t\t<div class=\"elementor-element elementor-element-e6a04ef elementor-widget elementor-widget-heading\" data-id=\"e6a04ef\" data-element_type=\"widget\" data-widget_type=\"heading.default\">\n\t\t\t\t<div class=\"elementor-widget-container\">\n\t\t\t\t\t<h2 class=\"elementor-heading-title elementor-size-default\">Beneficios de una buena gesti\u00f3n contable<\/h2>\t\t\t\t<\/div>\n\t\t\t\t<\/div>\n\t\t\t\t<div class=\"elementor-element elementor-element-c53631b elementor-widget elementor-widget-text-editor\" data-id=\"c53631b\" data-element_type=\"widget\" data-widget_type=\"text-editor.default\">\n\t\t\t\t<div class=\"elementor-widget-container\">\n\t\t\t\t\t\t\t\t\tUna contabilidad ordenada es sin\u00f3nimo de seguridad jur\u00eddica y confianza ante socios, administraci\u00f3n y entidades colaboradoras\t\t\t\t\t\t\t\t<\/div>\n\t\t\t\t<\/div>\n\t\t\t\t<\/div>\n\t\t\t\t<\/div>\n\t\t\t\t<\/div>\n\t\t\t\t<\/div>\n\t\t\t\t<\/div>\n\t\t","protected":false},"excerpt":{"rendered":"<p>Asesor\u00eda contable para cooperativas y asociaciones sin \u00e1nimo de lucro Contabilidad clara y adaptada a la normativa Llevamos tu contabilidad con la m\u00e1xima transparencia y precisi\u00f3n. En cooperativas y asociaciones es clave cumplir con requisitos espec\u00edficos de justificaci\u00f3n de subvenciones y transparencia p\u00fablica. Servicios contables que ofrecemos Contabilidad de libros oficiales y cuentas anuales Elaboraci\u00f3n [&hellip;]<\/p>\n","protected":false},"author":1,"featured_media":401,"parent":0,"menu_order":0,"comment_status":"closed","ping_status":"closed","template":"elementor_header_footer","meta":{"site-sidebar-layout":"no-sidebar","site-content-layout":"page-builder","ast-site-content-layout":"full-width-container","site-content-style":"unboxed","site-sidebar-style":"unboxed","ast-global-header-display":"","ast-banner-title-visibility":"","ast-main-header-display":"","ast-hfb-above-header-display":"","ast-hfb-below-header-display":"","ast-hfb-mobile-header-display":"","site-post-title":"disabled","ast-breadcrumbs-content":"","ast-featured-img":"disabled","footer-sml-layout":"","theme-transparent-header-meta":"default","adv-header-id-meta":"","stick-header-meta":"default","header-above-stick-meta":"","header-main-stick-meta":"","header-below-stick-meta":"","astra-migrate-meta-layouts":"default","ast-page-background-enabled":"default","ast-page-background-meta":{"desktop":{"background-color":"var(--ast-global-color-4)","background-image":"","background-repeat":"repeat","background-position":"center center","background-size":"auto","background-attachment":"scroll","background-type":"","background-media":"","overlay-type":"","overlay-color":"","overlay-opacity":"","overlay-gradient":""},"tablet":{"background-color":"","background-image":"","background-repeat":"repeat","background-position":"center center","background-size":"auto","background-attachment":"scroll","background-type":"","background-media":"","overlay-type":"","overlay-color":"","overlay-opacity":"","overlay-gradient":""},"mobile":{"background-color":"","background-image":"","background-repeat":"repeat","background-position":"center center","background-size":"auto","background-attachment":"scroll","background-type":"","background-media":"","overlay-type":"","overlay-color":"","overlay-opacity":"","overlay-gradient":""}},"ast-content-background-meta":{"desktop":{"background-color":"var(--ast-global-color-5)","background-image":"","background-repeat":"repeat","background-position":"center center","background-size":"auto","background-attachment":"scroll","background-type":"","background-media":"","overlay-type":"","overlay-color":"","overlay-opacity":"","overlay-gradient":""},"tablet":{"background-color":"var(--ast-global-color-5)","background-image":"","background-repeat":"repeat","background-position":"center center","background-size":"auto","background-attachment":"scroll","background-type":"","background-media":"","overlay-type":"","overlay-color":"","overlay-opacity":"","overlay-gradient":""},"mobile":{"background-color":"var(--ast-global-color-5)","background-image":"","background-repeat":"repeat","background-position":"center center","background-size":"auto","background-attachment":"scroll","background-type":"","background-media":"","overlay-type":"","overlay-color":"","overlay-opacity":"","overlay-gradient":""}},"footnotes":""},"class_list":["post-407","page","type-page","status-publish","has-post-thumbnail","hentry"],"yoast_head":"<!-- This site is optimized with the Yoast SEO plugin v25.8 - https:\/\/yoast.com\/wordpress\/plugins\/seo\/ -->\n<title>Servicio contable - ALC Assessors<\/title>\n<meta name=\"robots\" content=\"index, follow, max-snippet:-1, max-image-preview:large, max-video-preview:-1\" \/>\n<link rel=\"canonical\" href=\"https:\/\/alc-assessors.com\/es\/servei-comptable\/\" \/>\n<meta property=\"og:locale\" content=\"es_ES\" \/>\n<meta property=\"og:type\" content=\"article\" \/>\n<meta property=\"og:title\" content=\"Servicio contable - ALC Assessors\" \/>\n<meta property=\"og:description\" content=\"Asesor\u00eda contable para cooperativas y asociaciones sin \u00e1nimo de lucro Contabilidad clara y adaptada a la normativa Llevamos tu contabilidad con la m\u00e1xima transparencia y precisi\u00f3n. En cooperativas y asociaciones es clave cumplir con requisitos espec\u00edficos de justificaci\u00f3n de subvenciones y transparencia p\u00fablica. Servicios contables que ofrecemos Contabilidad de libros oficiales y cuentas anuales Elaboraci\u00f3n [&hellip;]\" \/>\n<meta property=\"og:url\" content=\"https:\/\/alc-assessors.com\/es\/servei-comptable\/\" \/>\n<meta property=\"og:site_name\" content=\"ALC Assessors\" \/>\n<meta property=\"article:modified_time\" content=\"2025-09-18T10:14:21+00:00\" \/>\n<meta name=\"twitter:card\" content=\"summary_large_image\" \/>\n<meta name=\"twitter:label1\" content=\"Tiempo de lectura\" \/>\n\t<meta name=\"twitter:data1\" content=\"1 minuto\" \/>\n<script type=\"application\/ld+json\" class=\"yoast-schema-graph\">{\"@context\":\"https:\/\/schema.org\",\"@graph\":[{\"@type\":\"WebPage\",\"@id\":\"https:\/\/alc-assessors.com\/es\/servei-comptable\/\",\"url\":\"https:\/\/alc-assessors.com\/es\/servei-comptable\/\",\"name\":\"Servicio contable - ALC Assessors\",\"isPartOf\":{\"@id\":\"https:\/\/alc-assessors.com\/#website\"},\"primaryImageOfPage\":{\"@id\":\"https:\/\/alc-assessors.com\/es\/servei-comptable\/#primaryimage\"},\"image\":{\"@id\":\"https:\/\/alc-assessors.com\/es\/servei-comptable\/#primaryimage\"},\"thumbnailUrl\":\"https:\/\/alc-assessors.com\/wp-content\/uploads\/2025\/08\/assessoria-per-a-cooperatives.jpg\",\"datePublished\":\"2025-08-18T13:45:33+00:00\",\"dateModified\":\"2025-09-18T10:14:21+00:00\",\"breadcrumb\":{\"@id\":\"https:\/\/alc-assessors.com\/es\/servei-comptable\/#breadcrumb\"},\"inLanguage\":\"es\",\"potentialAction\":[{\"@type\":\"ReadAction\",\"target\":[\"https:\/\/alc-assessors.com\/es\/servei-comptable\/\"]}]},{\"@type\":\"ImageObject\",\"inLanguage\":\"es\",\"@id\":\"https:\/\/alc-assessors.com\/es\/servei-comptable\/#primaryimage\",\"url\":\"https:\/\/alc-assessors.com\/wp-content\/uploads\/2025\/08\/assessoria-per-a-cooperatives.jpg\",\"contentUrl\":\"https:\/\/alc-assessors.com\/wp-content\/uploads\/2025\/08\/assessoria-per-a-cooperatives.jpg\",\"width\":1080,\"height\":1080,\"caption\":\"asesor\u00eda para cooperativas\"},{\"@type\":\"BreadcrumbList\",\"@id\":\"https:\/\/alc-assessors.com\/es\/servei-comptable\/#breadcrumb\",\"itemListElement\":[{\"@type\":\"ListItem\",\"position\":1,\"name\":\"Home\",\"item\":\"https:\/\/alc-assessors.com\/es\/home\/\"},{\"@type\":\"ListItem\",\"position\":2,\"name\":\"Servicio contable\"}]},{\"@type\":\"WebSite\",\"@id\":\"https:\/\/alc-assessors.com\/#website\",\"url\":\"https:\/\/alc-assessors.com\/\",\"name\":\"ALC Assessors\",\"description\":\"Assessoria especialitzada en cooperatives i societats sense \u00e0nim de lucre\",\"potentialAction\":[{\"@type\":\"SearchAction\",\"target\":{\"@type\":\"EntryPoint\",\"urlTemplate\":\"https:\/\/alc-assessors.com\/?s={search_term_string}\"},\"query-input\":{\"@type\":\"PropertyValueSpecification\",\"valueRequired\":true,\"valueName\":\"search_term_string\"}}],\"inLanguage\":\"es\"}]}<\/script>\n<!-- \/ Yoast SEO plugin. -->","yoast_head_json":{"title":"Servicio contable - ALC Assessors","robots":{"index":"index","follow":"follow","max-snippet":"max-snippet:-1","max-image-preview":"max-image-preview:large","max-video-preview":"max-video-preview:-1"},"canonical":"https:\/\/alc-assessors.com\/es\/servei-comptable\/","og_locale":"es_ES","og_type":"article","og_title":"Servicio contable - ALC Assessors","og_description":"Asesor\u00eda contable para cooperativas y asociaciones sin \u00e1nimo de lucro Contabilidad clara y adaptada a la normativa Llevamos tu contabilidad con la m\u00e1xima transparencia y precisi\u00f3n. En cooperativas y asociaciones es clave cumplir con requisitos espec\u00edficos de justificaci\u00f3n de subvenciones y transparencia p\u00fablica. Servicios contables que ofrecemos Contabilidad de libros oficiales y cuentas anuales Elaboraci\u00f3n [&hellip;]","og_url":"https:\/\/alc-assessors.com\/es\/servei-comptable\/","og_site_name":"ALC Assessors","article_modified_time":"2025-09-18T10:14:21+00:00","twitter_card":"summary_large_image","twitter_misc":{"Tiempo de lectura":"1 minuto"},"schema":{"@context":"https:\/\/schema.org","@graph":[{"@type":"WebPage","@id":"https:\/\/alc-assessors.com\/es\/servei-comptable\/","url":"https:\/\/alc-assessors.com\/es\/servei-comptable\/","name":"Servicio contable - ALC Assessors","isPartOf":{"@id":"https:\/\/alc-assessors.com\/#website"},"primaryImageOfPage":{"@id":"https:\/\/alc-assessors.com\/es\/servei-comptable\/#primaryimage"},"image":{"@id":"https:\/\/alc-assessors.com\/es\/servei-comptable\/#primaryimage"},"thumbnailUrl":"https:\/\/alc-assessors.com\/wp-content\/uploads\/2025\/08\/assessoria-per-a-cooperatives.jpg","datePublished":"2025-08-18T13:45:33+00:00","dateModified":"2025-09-18T10:14:21+00:00","breadcrumb":{"@id":"https:\/\/alc-assessors.com\/es\/servei-comptable\/#breadcrumb"},"inLanguage":"es","potentialAction":[{"@type":"ReadAction","target":["https:\/\/alc-assessors.com\/es\/servei-comptable\/"]}]},{"@type":"ImageObject","inLanguage":"es","@id":"https:\/\/alc-assessors.com\/es\/servei-comptable\/#primaryimage","url":"https:\/\/alc-assessors.com\/wp-content\/uploads\/2025\/08\/assessoria-per-a-cooperatives.jpg","contentUrl":"https:\/\/alc-assessors.com\/wp-content\/uploads\/2025\/08\/assessoria-per-a-cooperatives.jpg","width":1080,"height":1080,"caption":"asesor\u00eda para cooperativas"},{"@type":"BreadcrumbList","@id":"https:\/\/alc-assessors.com\/es\/servei-comptable\/#breadcrumb","itemListElement":[{"@type":"ListItem","position":1,"name":"Home","item":"https:\/\/alc-assessors.com\/es\/home\/"},{"@type":"ListItem","position":2,"name":"Servicio contable"}]},{"@type":"WebSite","@id":"https:\/\/alc-assessors.com\/#website","url":"https:\/\/alc-assessors.com\/","name":"ALC Assessors","description":"Assessoria especialitzada en cooperatives i societats sense \u00e0nim de lucre","potentialAction":[{"@type":"SearchAction","target":{"@type":"EntryPoint","urlTemplate":"https:\/\/alc-assessors.com\/?s={search_term_string}"},"query-input":{"@type":"PropertyValueSpecification","valueRequired":true,"valueName":"search_term_string"}}],"inLanguage":"es"}]}},"_links":{"self":[{"href":"https:\/\/alc-assessors.com\/es\/wp-json\/wp\/v2\/pages\/407","targetHints":{"allow":["GET"]}}],"collection":[{"href":"https:\/\/alc-assessors.com\/es\/wp-json\/wp\/v2\/pages"}],"about":[{"href":"https:\/\/alc-assessors.com\/es\/wp-json\/wp\/v2\/types\/page"}],"author":[{"embeddable":true,"href":"https:\/\/alc-assessors.com\/es\/wp-json\/wp\/v2\/users\/1"}],"replies":[{"embeddable":true,"href":"https:\/\/alc-assessors.com\/es\/wp-json\/wp\/v2\/comments?post=407"}],"version-history":[{"count":4,"href":"https:\/\/alc-assessors.com\/es\/wp-json\/wp\/v2\/pages\/407\/revisions"}],"predecessor-version":[{"id":460,"href":"https:\/\/alc-assessors.com\/es\/wp-json\/wp\/v2\/pages\/407\/revisions\/460"}],"wp:featuredmedia":[{"embeddable":true,"href":"https:\/\/alc-assessors.com\/es\/wp-json\/wp\/v2\/media\/401"}],"wp:attachment":[{"href":"https:\/\/alc-assessors.com\/es\/wp-json\/wp\/v2\/media?parent=407"}],"curies":[{"name":"wp","href":"https:\/\/api.w.org\/{rel}","templated":true}]}}