{"id":409,"date":"2025-08-18T14:03:25","date_gmt":"2025-08-18T14:03:25","guid":{"rendered":"https:\/\/alc-assessors.com\/servei-laboral\/"},"modified":"2025-09-18T10:01:04","modified_gmt":"2025-09-18T10:01:04","slug":"servei-laboral","status":"publish","type":"page","link":"https:\/\/alc-assessors.com\/es\/servei-laboral\/","title":{"rendered":"Servicio laboral"},"content":{"rendered":"\t\t<div data-elementor-type=\"wp-page\" data-elementor-id=\"409\" class=\"elementor elementor-409 elementor-290\" data-elementor-post-type=\"page\">\n\t\t\t\t<div class=\"elementor-element elementor-element-79769fe e-flex e-con-boxed e-con e-parent\" data-id=\"79769fe\" data-element_type=\"container\" data-settings=\"{&quot;background_background&quot;:&quot;classic&quot;}\">\n\t\t\t\t\t<div class=\"e-con-inner\">\n\t\t<div class=\"elementor-element elementor-element-92a8bf2 e-con-full animated-slow e-flex elementor-invisible e-con e-child\" data-id=\"92a8bf2\" data-element_type=\"container\" data-settings=\"{&quot;animation&quot;:&quot;fadeInLeft&quot;}\">\n\t\t\t\t<div class=\"elementor-element elementor-element-a380989 elementor-widget elementor-widget-heading\" data-id=\"a380989\" data-element_type=\"widget\" data-widget_type=\"heading.default\">\n\t\t\t\t<div class=\"elementor-widget-container\">\n\t\t\t\t\t<h1 class=\"elementor-heading-title elementor-size-default\">Asesor\u00eda laboral para cooperativas y asociaciones sin \u00e1nimo de lucro<\/h1>\t\t\t\t<\/div>\n\t\t\t\t<\/div>\n\t\t\t\t<\/div>\n\t\t<div class=\"elementor-element elementor-element-8525a16 e-con-full e-flex e-con e-child\" data-id=\"8525a16\" data-element_type=\"container\">\n\t\t\t\t<\/div>\n\t\t\t\t\t<\/div>\n\t\t\t\t<\/div>\n\t\t<div class=\"elementor-element elementor-element-6973641 e-flex e-con-boxed e-con e-parent\" data-id=\"6973641\" data-element_type=\"container\" data-settings=\"{&quot;background_background&quot;:&quot;classic&quot;}\">\n\t\t\t\t\t<div class=\"e-con-inner\">\n\t\t<div class=\"elementor-element elementor-element-bce4a66 e-con-full e-flex e-con e-child\" data-id=\"bce4a66\" data-element_type=\"container\">\n\t\t\t\t<div class=\"elementor-element elementor-element-92d2288 elementor-widget elementor-widget-heading\" data-id=\"92d2288\" data-element_type=\"widget\" data-widget_type=\"heading.default\">\n\t\t\t\t<div class=\"elementor-widget-container\">\n\t\t\t\t\t<h2 class=\"elementor-heading-title elementor-size-default\">Gesti\u00f3n laboral con conocimiento del tercer sector<\/h2>\t\t\t\t<\/div>\n\t\t\t\t<\/div>\n\t\t\t\t<div class=\"elementor-element elementor-element-a20d431 elementor-widget elementor-widget-text-editor\" data-id=\"a20d431\" data-element_type=\"widget\" data-widget_type=\"text-editor.default\">\n\t\t\t\t<div class=\"elementor-widget-container\">\n\t\t\t\t\t\t\t\t\t<p>Sabemos que las cooperativas y asociaciones tienen particularidades en la contrataci\u00f3n y gesti\u00f3n de personal. Nos ocupamos de todos los tr\u00e1mites laborales cumpliendo la normativa vigente.<\/p>\t\t\t\t\t\t\t\t<\/div>\n\t\t\t\t<\/div>\n\t\t\t\t<\/div>\n\t\t\t\t\t<\/div>\n\t\t\t\t<\/div>\n\t\t<div class=\"elementor-element elementor-element-91154f1 e-flex e-con-boxed e-con e-parent\" data-id=\"91154f1\" data-element_type=\"container\">\n\t\t\t\t\t<div class=\"e-con-inner\">\n\t\t<div class=\"elementor-element elementor-element-88fb194 e-con-full animated-slow e-flex elementor-invisible e-con e-child\" data-id=\"88fb194\" data-element_type=\"container\" data-settings=\"{&quot;animation&quot;:&quot;fadeInLeft&quot;}\">\n\t\t\t\t<div class=\"elementor-element elementor-element-3a8b5a4 elementor-widget elementor-widget-heading\" data-id=\"3a8b5a4\" data-element_type=\"widget\" data-widget_type=\"heading.default\">\n\t\t\t\t<div class=\"elementor-widget-container\">\n\t\t\t\t\t<h2 class=\"elementor-heading-title elementor-size-default\">Servicios laborales que ofrecemos<\/h2>\t\t\t\t<\/div>\n\t\t\t\t<\/div>\n\t\t\t\t<div class=\"elementor-element elementor-element-eeae4ab elementor-align-left elementor-icon-list--layout-traditional elementor-list-item-link-full_width elementor-widget elementor-widget-icon-list\" data-id=\"eeae4ab\" data-element_type=\"widget\" data-widget_type=\"icon-list.default\">\n\t\t\t\t<div class=\"elementor-widget-container\">\n\t\t\t\t\t\t\t<ul class=\"elementor-icon-list-items\">\n\t\t\t\t\t\t\t<li class=\"elementor-icon-list-item\">\n\t\t\t\t\t\t\t\t\t\t\t<span class=\"elementor-icon-list-icon\">\n\t\t\t\t\t\t\t<i aria-hidden=\"true\" class=\"fas fa-chevron-right\"><\/i>\t\t\t\t\t\t<\/span>\n\t\t\t\t\t\t\t\t\t\t<span class=\"elementor-icon-list-text\">Elaboraci\u00f3n de n\u00f3minas y contrato<\/span>\n\t\t\t\t\t\t\t\t\t<\/li>\n\t\t\t\t\t\t\t\t<li class=\"elementor-icon-list-item\">\n\t\t\t\t\t\t\t\t\t\t\t<span class=\"elementor-icon-list-icon\">\n\t\t\t\t\t\t\t<i aria-hidden=\"true\" class=\"fas fa-chevron-right\"><\/i>\t\t\t\t\t\t<\/span>\n\t\t\t\t\t\t\t\t\t\t<span class=\"elementor-icon-list-text\">Altas y bajas a la Seguridad Social<\/span>\n\t\t\t\t\t\t\t\t\t<\/li>\n\t\t\t\t\t\t\t\t<li class=\"elementor-icon-list-item\">\n\t\t\t\t\t\t\t\t\t\t\t<span class=\"elementor-icon-list-icon\">\n\t\t\t\t\t\t\t<i aria-hidden=\"true\" class=\"fas fa-chevron-right\"><\/i>\t\t\t\t\t\t<\/span>\n\t\t\t\t\t\t\t\t\t\t<span class=\"elementor-icon-list-text\">Gesti\u00f3n de convenios colectivos aplicables<\/span>\n\t\t\t\t\t\t\t\t\t<\/li>\n\t\t\t\t\t\t\t\t<li class=\"elementor-icon-list-item\">\n\t\t\t\t\t\t\t\t\t\t\t<span class=\"elementor-icon-list-icon\">\n\t\t\t\t\t\t\t<i aria-hidden=\"true\" class=\"fas fa-chevron-right\"><\/i>\t\t\t\t\t\t<\/span>\n\t\t\t\t\t\t\t\t\t\t<span class=\"elementor-icon-list-text\">Asesoramiento en derechos laborales y relaciones laborales internas<\/span>\n\t\t\t\t\t\t\t\t\t<\/li>\n\t\t\t\t\t\t<\/ul>\n\t\t\t\t\t\t<\/div>\n\t\t\t\t<\/div>\n\t\t\t\t<div class=\"elementor-element elementor-element-f8a8d65 elementor-widget elementor-widget-button\" data-id=\"f8a8d65\" data-element_type=\"widget\" data-widget_type=\"button.default\">\n\t\t\t\t<div class=\"elementor-widget-container\">\n\t\t\t\t\t\t\t\t\t<div class=\"elementor-button-wrapper\">\n\t\t\t\t\t<a class=\"elementor-button elementor-button-link elementor-size-sm\" href=\"#\">\n\t\t\t\t\t\t<span class=\"elementor-button-content-wrapper\">\n\t\t\t\t\t\t\t\t\t<span class=\"elementor-button-text\">Solicitar cita<\/span>\n\t\t\t\t\t<\/span>\n\t\t\t\t\t<\/a>\n\t\t\t\t<\/div>\n\t\t\t\t\t\t\t\t<\/div>\n\t\t\t\t<\/div>\n\t\t\t\t<\/div>\n\t\t<div class=\"elementor-element elementor-element-213a066 e-con-full e-flex e-con e-child\" data-id=\"213a066\" data-element_type=\"container\">\n\t\t<div class=\"elementor-element elementor-element-947e7c9 e-con-full animated-slow e-flex elementor-invisible e-con e-child\" data-id=\"947e7c9\" data-element_type=\"container\" data-settings=\"{&quot;background_background&quot;:&quot;classic&quot;,&quot;animation&quot;:&quot;fadeIn&quot;}\">\n\t\t\t\t<\/div>\n\t\t\t\t<\/div>\n\t\t\t\t\t<\/div>\n\t\t\t\t<\/div>\n\t\t<div class=\"elementor-element elementor-element-995f09a e-con-full e-flex e-con e-parent\" data-id=\"995f09a\" data-element_type=\"container\" data-settings=\"{&quot;background_background&quot;:&quot;classic&quot;}\">\n\t\t<div class=\"elementor-element elementor-element-558cdda e-con-full e-flex e-con e-child\" data-id=\"558cdda\" data-element_type=\"container\" data-settings=\"{&quot;background_background&quot;:&quot;classic&quot;}\">\n\t\t<div class=\"elementor-element elementor-element-f321667 e-con-full e-flex e-con e-child\" data-id=\"f321667\" data-element_type=\"container\" data-settings=\"{&quot;background_background&quot;:&quot;classic&quot;}\">\n\t\t<div class=\"elementor-element elementor-element-459091c e-con-full e-flex e-con e-child\" data-id=\"459091c\" data-element_type=\"container\">\n\t\t\t\t<\/div>\n\t\t\t\t<\/div>\n\t\t<div class=\"elementor-element elementor-element-6a61efb e-con-full e-flex e-con e-child\" data-id=\"6a61efb\" data-element_type=\"container\" data-settings=\"{&quot;background_background&quot;:&quot;classic&quot;}\">\n\t\t<div class=\"elementor-element elementor-element-bbf2492 e-con-full e-flex e-con e-child\" data-id=\"bbf2492\" data-element_type=\"container\">\n\t\t\t\t<div class=\"elementor-element elementor-element-51de790 elementor-widget elementor-widget-heading\" data-id=\"51de790\" data-element_type=\"widget\" data-widget_type=\"heading.default\">\n\t\t\t\t<div class=\"elementor-widget-container\">\n\t\t\t\t\t<h2 class=\"elementor-heading-title elementor-size-default\">Por qu\u00e9 nuestra gesti\u00f3n laboral es diferente?<\/h2>\t\t\t\t<\/div>\n\t\t\t\t<\/div>\n\t\t\t\t<div class=\"elementor-element elementor-element-57ae177 elementor-widget elementor-widget-text-editor\" data-id=\"57ae177\" data-element_type=\"widget\" data-widget_type=\"text-editor.default\">\n\t\t\t\t<div class=\"elementor-widget-container\">\n\t\t\t\t\t\t\t\t\tPorque combinamos experiencia en asesoramiento laboral general con una especializaci\u00f3n real en entidades del tercer sector\t\t\t\t\t\t\t\t<\/div>\n\t\t\t\t<\/div>\n\t\t\t\t<\/div>\n\t\t\t\t<\/div>\n\t\t\t\t<\/div>\n\t\t\t\t<\/div>\n\t\t\t\t<\/div>\n\t\t","protected":false},"excerpt":{"rendered":"<p>Asesor\u00eda laboral para cooperativas y asociaciones sin \u00e1nimo de lucro Gesti\u00f3n laboral con conocimiento del tercer sector Sabemos que las cooperativas y asociaciones tienen particularidades en la contrataci\u00f3n y gesti\u00f3n de personal. Nos ocupamos de todos los tr\u00e1mites laborales cumpliendo la normativa vigente. Servicios laborales que ofrecemos Elaboraci\u00f3n de n\u00f3minas y contrato Altas y bajas [&hellip;]<\/p>\n","protected":false},"author":1,"featured_media":0,"parent":0,"menu_order":0,"comment_status":"closed","ping_status":"closed","template":"","meta":{"site-sidebar-layout":"no-sidebar","site-content-layout":"page-builder","ast-site-content-layout":"full-width-container","site-content-style":"default","site-sidebar-style":"default","ast-global-header-display":"","ast-banner-title-visibility":"","ast-main-header-display":"","ast-hfb-above-header-display":"","ast-hfb-below-header-display":"","ast-hfb-mobile-header-display":"","site-post-title":"disabled","ast-breadcrumbs-content":"","ast-featured-img":"disabled","footer-sml-layout":"","theme-transparent-header-meta":"","adv-header-id-meta":"","stick-header-meta":"","header-above-stick-meta":"","header-main-stick-meta":"","header-below-stick-meta":"","astra-migrate-meta-layouts":"default","ast-page-background-enabled":"default","ast-page-background-meta":{"desktop":{"background-color":"var(--ast-global-color-4)","background-image":"","background-repeat":"repeat","background-position":"center center","background-size":"auto","background-attachment":"scroll","background-type":"","background-media":"","overlay-type":"","overlay-color":"","overlay-opacity":"","overlay-gradient":""},"tablet":{"background-color":"","background-image":"","background-repeat":"repeat","background-position":"center center","background-size":"auto","background-attachment":"scroll","background-type":"","background-media":"","overlay-type":"","overlay-color":"","overlay-opacity":"","overlay-gradient":""},"mobile":{"background-color":"","background-image":"","background-repeat":"repeat","background-position":"center center","background-size":"auto","background-attachment":"scroll","background-type":"","background-media":"","overlay-type":"","overlay-color":"","overlay-opacity":"","overlay-gradient":""}},"ast-content-background-meta":{"desktop":{"background-color":"var(--ast-global-color-5)","background-image":"","background-repeat":"repeat","background-position":"center center","background-size":"auto","background-attachment":"scroll","background-type":"","background-media":"","overlay-type":"","overlay-color":"","overlay-opacity":"","overlay-gradient":""},"tablet":{"background-color":"var(--ast-global-color-5)","background-image":"","background-repeat":"repeat","background-position":"center center","background-size":"auto","background-attachment":"scroll","background-type":"","background-media":"","overlay-type":"","overlay-color":"","overlay-opacity":"","overlay-gradient":""},"mobile":{"background-color":"var(--ast-global-color-5)","background-image":"","background-repeat":"repeat","background-position":"center center","background-size":"auto","background-attachment":"scroll","background-type":"","background-media":"","overlay-type":"","overlay-color":"","overlay-opacity":"","overlay-gradient":""}},"footnotes":""},"class_list":["post-409","page","type-page","status-publish","hentry"],"yoast_head":"<!-- This site is optimized with the Yoast SEO plugin v25.8 - https:\/\/yoast.com\/wordpress\/plugins\/seo\/ -->\n<title>Servicio laboral - ALC Assessors<\/title>\n<meta name=\"robots\" content=\"index, follow, max-snippet:-1, max-image-preview:large, max-video-preview:-1\" \/>\n<link rel=\"canonical\" href=\"https:\/\/alc-assessors.com\/es\/servei-laboral\/\" \/>\n<meta property=\"og:locale\" content=\"es_ES\" \/>\n<meta property=\"og:type\" content=\"article\" \/>\n<meta property=\"og:title\" content=\"Servicio laboral - ALC Assessors\" \/>\n<meta property=\"og:description\" content=\"Asesor\u00eda laboral para cooperativas y asociaciones sin \u00e1nimo de lucro Gesti\u00f3n laboral con conocimiento del tercer sector Sabemos que las cooperativas y asociaciones tienen particularidades en la contrataci\u00f3n y gesti\u00f3n de personal. Nos ocupamos de todos los tr\u00e1mites laborales cumpliendo la normativa vigente. Servicios laborales que ofrecemos Elaboraci\u00f3n de n\u00f3minas y contrato Altas y bajas [&hellip;]\" \/>\n<meta property=\"og:url\" content=\"https:\/\/alc-assessors.com\/es\/servei-laboral\/\" \/>\n<meta property=\"og:site_name\" content=\"ALC Assessors\" \/>\n<meta property=\"article:modified_time\" content=\"2025-09-18T10:01:04+00:00\" \/>\n<meta name=\"twitter:card\" content=\"summary_large_image\" \/>\n<meta name=\"twitter:label1\" content=\"Tiempo de lectura\" \/>\n\t<meta name=\"twitter:data1\" content=\"1 minuto\" \/>\n<script type=\"application\/ld+json\" class=\"yoast-schema-graph\">{\"@context\":\"https:\/\/schema.org\",\"@graph\":[{\"@type\":\"WebPage\",\"@id\":\"https:\/\/alc-assessors.com\/es\/servei-laboral\/\",\"url\":\"https:\/\/alc-assessors.com\/es\/servei-laboral\/\",\"name\":\"Servicio laboral - ALC Assessors\",\"isPartOf\":{\"@id\":\"https:\/\/alc-assessors.com\/#website\"},\"datePublished\":\"2025-08-18T14:03:25+00:00\",\"dateModified\":\"2025-09-18T10:01:04+00:00\",\"breadcrumb\":{\"@id\":\"https:\/\/alc-assessors.com\/es\/servei-laboral\/#breadcrumb\"},\"inLanguage\":\"es\",\"potentialAction\":[{\"@type\":\"ReadAction\",\"target\":[\"https:\/\/alc-assessors.com\/es\/servei-laboral\/\"]}]},{\"@type\":\"BreadcrumbList\",\"@id\":\"https:\/\/alc-assessors.com\/es\/servei-laboral\/#breadcrumb\",\"itemListElement\":[{\"@type\":\"ListItem\",\"position\":1,\"name\":\"Home\",\"item\":\"https:\/\/alc-assessors.com\/es\/home\/\"},{\"@type\":\"ListItem\",\"position\":2,\"name\":\"Servicio laboral\"}]},{\"@type\":\"WebSite\",\"@id\":\"https:\/\/alc-assessors.com\/#website\",\"url\":\"https:\/\/alc-assessors.com\/\",\"name\":\"ALC Assessors\",\"description\":\"Assessoria especialitzada en cooperatives i societats sense \u00e0nim de lucre\",\"potentialAction\":[{\"@type\":\"SearchAction\",\"target\":{\"@type\":\"EntryPoint\",\"urlTemplate\":\"https:\/\/alc-assessors.com\/?s={search_term_string}\"},\"query-input\":{\"@type\":\"PropertyValueSpecification\",\"valueRequired\":true,\"valueName\":\"search_term_string\"}}],\"inLanguage\":\"es\"}]}<\/script>\n<!-- \/ Yoast SEO plugin. -->","yoast_head_json":{"title":"Servicio laboral - ALC Assessors","robots":{"index":"index","follow":"follow","max-snippet":"max-snippet:-1","max-image-preview":"max-image-preview:large","max-video-preview":"max-video-preview:-1"},"canonical":"https:\/\/alc-assessors.com\/es\/servei-laboral\/","og_locale":"es_ES","og_type":"article","og_title":"Servicio laboral - ALC Assessors","og_description":"Asesor\u00eda laboral para cooperativas y asociaciones sin \u00e1nimo de lucro Gesti\u00f3n laboral con conocimiento del tercer sector Sabemos que las cooperativas y asociaciones tienen particularidades en la contrataci\u00f3n y gesti\u00f3n de personal. Nos ocupamos de todos los tr\u00e1mites laborales cumpliendo la normativa vigente. Servicios laborales que ofrecemos Elaboraci\u00f3n de n\u00f3minas y contrato Altas y bajas [&hellip;]","og_url":"https:\/\/alc-assessors.com\/es\/servei-laboral\/","og_site_name":"ALC Assessors","article_modified_time":"2025-09-18T10:01:04+00:00","twitter_card":"summary_large_image","twitter_misc":{"Tiempo de lectura":"1 minuto"},"schema":{"@context":"https:\/\/schema.org","@graph":[{"@type":"WebPage","@id":"https:\/\/alc-assessors.com\/es\/servei-laboral\/","url":"https:\/\/alc-assessors.com\/es\/servei-laboral\/","name":"Servicio laboral - ALC Assessors","isPartOf":{"@id":"https:\/\/alc-assessors.com\/#website"},"datePublished":"2025-08-18T14:03:25+00:00","dateModified":"2025-09-18T10:01:04+00:00","breadcrumb":{"@id":"https:\/\/alc-assessors.com\/es\/servei-laboral\/#breadcrumb"},"inLanguage":"es","potentialAction":[{"@type":"ReadAction","target":["https:\/\/alc-assessors.com\/es\/servei-laboral\/"]}]},{"@type":"BreadcrumbList","@id":"https:\/\/alc-assessors.com\/es\/servei-laboral\/#breadcrumb","itemListElement":[{"@type":"ListItem","position":1,"name":"Home","item":"https:\/\/alc-assessors.com\/es\/home\/"},{"@type":"ListItem","position":2,"name":"Servicio laboral"}]},{"@type":"WebSite","@id":"https:\/\/alc-assessors.com\/#website","url":"https:\/\/alc-assessors.com\/","name":"ALC Assessors","description":"Assessoria especialitzada en cooperatives i societats sense \u00e0nim de lucre","potentialAction":[{"@type":"SearchAction","target":{"@type":"EntryPoint","urlTemplate":"https:\/\/alc-assessors.com\/?s={search_term_string}"},"query-input":{"@type":"PropertyValueSpecification","valueRequired":true,"valueName":"search_term_string"}}],"inLanguage":"es"}]}},"_links":{"self":[{"href":"https:\/\/alc-assessors.com\/es\/wp-json\/wp\/v2\/pages\/409","targetHints":{"allow":["GET"]}}],"collection":[{"href":"https:\/\/alc-assessors.com\/es\/wp-json\/wp\/v2\/pages"}],"about":[{"href":"https:\/\/alc-assessors.com\/es\/wp-json\/wp\/v2\/types\/page"}],"author":[{"embeddable":true,"href":"https:\/\/alc-assessors.com\/es\/wp-json\/wp\/v2\/users\/1"}],"replies":[{"embeddable":true,"href":"https:\/\/alc-assessors.com\/es\/wp-json\/wp\/v2\/comments?post=409"}],"version-history":[{"count":2,"href":"https:\/\/alc-assessors.com\/es\/wp-json\/wp\/v2\/pages\/409\/revisions"}],"predecessor-version":[{"id":442,"href":"https:\/\/alc-assessors.com\/es\/wp-json\/wp\/v2\/pages\/409\/revisions\/442"}],"wp:attachment":[{"href":"https:\/\/alc-assessors.com\/es\/wp-json\/wp\/v2\/media?parent=409"}],"curies":[{"name":"wp","href":"https:\/\/api.w.org\/{rel}","templated":true}]}}