{"id":410,"date":"2025-08-18T14:26:12","date_gmt":"2025-08-18T14:26:12","guid":{"rendered":"https:\/\/alc-assessors.com\/sobre-nosaltres\/"},"modified":"2025-09-18T10:19:25","modified_gmt":"2025-09-18T10:19:25","slug":"sobre-nosaltres","status":"publish","type":"page","link":"https:\/\/alc-assessors.com\/es\/sobre-nosaltres\/","title":{"rendered":"Sobre nosaltres"},"content":{"rendered":"\t\t<div data-elementor-type=\"wp-page\" data-elementor-id=\"410\" class=\"elementor elementor-410 elementor-297\" data-elementor-post-type=\"page\">\n\t\t\t\t<div class=\"elementor-element elementor-element-fae6dac e-flex e-con-boxed e-con e-parent\" data-id=\"fae6dac\" data-element_type=\"container\" data-settings=\"{&quot;background_background&quot;:&quot;classic&quot;}\">\n\t\t\t\t\t<div class=\"e-con-inner\">\n\t\t<div class=\"elementor-element elementor-element-071bfcd e-con-full animated-slow e-flex elementor-invisible e-con e-child\" data-id=\"071bfcd\" data-element_type=\"container\" data-settings=\"{&quot;animation&quot;:&quot;fadeInLeft&quot;}\">\n\t\t\t\t<div class=\"elementor-element elementor-element-b8fa6c8 elementor-widget elementor-widget-heading\" data-id=\"b8fa6c8\" data-element_type=\"widget\" data-widget_type=\"heading.default\">\n\t\t\t\t<div class=\"elementor-widget-container\">\n\t\t\t\t\t<h1 class=\"elementor-heading-title elementor-size-default\">Assessoria especialitzada en cooperatives i associacions sense \u00e0nim de lucre<\/h1>\t\t\t\t<\/div>\n\t\t\t\t<\/div>\n\t\t\t\t<\/div>\n\t\t<div class=\"elementor-element elementor-element-53e70bd e-con-full e-flex e-con e-child\" data-id=\"53e70bd\" data-element_type=\"container\">\n\t\t\t\t<\/div>\n\t\t\t\t\t<\/div>\n\t\t\t\t<\/div>\n\t\t<div class=\"elementor-element elementor-element-99ec87d e-flex e-con-boxed e-con e-parent\" data-id=\"99ec87d\" data-element_type=\"container\" data-settings=\"{&quot;background_background&quot;:&quot;classic&quot;}\">\n\t\t\t\t\t<div class=\"e-con-inner\">\n\t\t<div class=\"elementor-element elementor-element-4224d9f e-con-full e-flex e-con e-child\" data-id=\"4224d9f\" data-element_type=\"container\">\n\t\t\t\t<div class=\"elementor-element elementor-element-cec4ea2 elementor-widget elementor-widget-heading\" data-id=\"cec4ea2\" data-element_type=\"widget\" data-widget_type=\"heading.default\">\n\t\t\t\t<div class=\"elementor-widget-container\">\n\t\t\t\t\t<h2 class=\"elementor-heading-title elementor-size-default\">Comptabilitat clara i adaptada a la normativa<\/h2>\t\t\t\t<\/div>\n\t\t\t\t<\/div>\n\t\t\t\t<div class=\"elementor-element elementor-element-6d5a65c elementor-widget elementor-widget-text-editor\" data-id=\"6d5a65c\" data-element_type=\"widget\" data-widget_type=\"text-editor.default\">\n\t\t\t\t<div class=\"elementor-widget-container\">\n\t\t\t\t\t\t\t\t\t<p>Portem la teva comptabilitat amb la m\u00e0xima transpar\u00e8ncia i precisi\u00f3. En cooperatives i associacions \u00e9s clau complir amb requisits espec\u00edfics de justificaci\u00f3 de subvencions i transpar\u00e8ncia p\u00fablica.<\/p>\t\t\t\t\t\t\t\t<\/div>\n\t\t\t\t<\/div>\n\t\t\t\t<\/div>\n\t\t\t\t\t<\/div>\n\t\t\t\t<\/div>\n\t\t<div class=\"elementor-element elementor-element-1dcf03d e-con-full e-flex e-con e-parent\" data-id=\"1dcf03d\" data-element_type=\"container\">\n\t\t<div class=\"elementor-element elementor-element-547431a e-con-full animated-slow e-flex elementor-invisible e-con e-child\" data-id=\"547431a\" data-element_type=\"container\" data-settings=\"{&quot;animation&quot;:&quot;fadeInLeft&quot;}\">\n\t\t\t\t<div class=\"elementor-element elementor-element-50eb523 elementor-widget elementor-widget-heading\" data-id=\"50eb523\" data-element_type=\"widget\" data-widget_type=\"heading.default\">\n\t\t\t\t<div class=\"elementor-widget-container\">\n\t\t\t\t\t<h2 class=\"elementor-heading-title elementor-size-default\">La nostra missi\u00f3<\/h2>\t\t\t\t<\/div>\n\t\t\t\t<\/div>\n\t\t\t\t<div class=\"elementor-element elementor-element-caa136c elementor-widget elementor-widget-text-editor\" data-id=\"caa136c\" data-element_type=\"widget\" data-widget_type=\"text-editor.default\">\n\t\t\t\t<div class=\"elementor-widget-container\">\n\t\t\t\t\t\t\t\t\t<p>Ajudar cooperatives, associacions i empreses a cr\u00e9ixer de forma s\u00f2lida i complint tota la normativa fiscal, comptable i laboral. Apostem per un servei proper i transparent.<\/p>\t\t\t\t\t\t\t\t<\/div>\n\t\t\t\t<\/div>\n\t\t\t\t<\/div>\n\t\t<div class=\"elementor-element elementor-element-5ae9950 e-con-full animated-slow e-flex elementor-invisible e-con e-child\" data-id=\"5ae9950\" data-element_type=\"container\" data-settings=\"{&quot;animation&quot;:&quot;fadeInLeft&quot;}\">\n\t\t\t\t<div class=\"elementor-element elementor-element-33b7d50 elementor-widget elementor-widget-heading\" data-id=\"33b7d50\" data-element_type=\"widget\" data-widget_type=\"heading.default\">\n\t\t\t\t<div class=\"elementor-widget-container\">\n\t\t\t\t\t<h2 class=\"elementor-heading-title elementor-size-default\">El nostre equip<\/h2>\t\t\t\t<\/div>\n\t\t\t\t<\/div>\n\t\t\t\t<div class=\"elementor-element elementor-element-5c1f886 elementor-widget elementor-widget-text-editor\" data-id=\"5c1f886\" data-element_type=\"widget\" data-widget_type=\"text-editor.default\">\n\t\t\t\t<div class=\"elementor-widget-container\">\n\t\t\t\t\t\t\t\t\t<p>Som professionals amb experi\u00e8ncia i passi\u00f3 pel que fem, especialitzats en el tercer sector i amb coneixement actualitzat de la legislaci\u00f3 vigent.<\/p>\t\t\t\t\t\t\t\t<\/div>\n\t\t\t\t<\/div>\n\t\t\t\t<\/div>\n\t\t<div class=\"elementor-element elementor-element-1fe269e e-con-full animated-slow e-flex elementor-invisible e-con e-child\" data-id=\"1fe269e\" data-element_type=\"container\" data-settings=\"{&quot;animation&quot;:&quot;fadeInLeft&quot;}\">\n\t\t\t\t<div class=\"elementor-element elementor-element-ade7700 elementor-widget elementor-widget-heading\" data-id=\"ade7700\" data-element_type=\"widget\" data-widget_type=\"heading.default\">\n\t\t\t\t<div class=\"elementor-widget-container\">\n\t\t\t\t\t<h2 class=\"elementor-heading-title elementor-size-default\">Els nostres valors<\/h2>\t\t\t\t<\/div>\n\t\t\t\t<\/div>\n\t\t\t\t<div class=\"elementor-element elementor-element-bb04207 elementor-align-left elementor-icon-list--layout-traditional elementor-list-item-link-full_width elementor-widget elementor-widget-icon-list\" data-id=\"bb04207\" data-element_type=\"widget\" data-widget_type=\"icon-list.default\">\n\t\t\t\t<div class=\"elementor-widget-container\">\n\t\t\t\t\t\t\t<ul class=\"elementor-icon-list-items\">\n\t\t\t\t\t\t\t<li class=\"elementor-icon-list-item\">\n\t\t\t\t\t\t\t\t\t\t\t<span class=\"elementor-icon-list-icon\">\n\t\t\t\t\t\t\t<i aria-hidden=\"true\" class=\"fas fa-chevron-right\"><\/i>\t\t\t\t\t\t<\/span>\n\t\t\t\t\t\t\t\t\t\t<span class=\"elementor-icon-list-text\">Comprom\u00eds amb la teva missi\u00f3<\/span>\n\t\t\t\t\t\t\t\t\t<\/li>\n\t\t\t\t\t\t\t\t<li class=\"elementor-icon-list-item\">\n\t\t\t\t\t\t\t\t\t\t\t<span class=\"elementor-icon-list-icon\">\n\t\t\t\t\t\t\t<i aria-hidden=\"true\" class=\"fas fa-chevron-right\"><\/i>\t\t\t\t\t\t<\/span>\n\t\t\t\t\t\t\t\t\t\t<span class=\"elementor-icon-list-text\">Confian\u00e7a basada en resultats<\/span>\n\t\t\t\t\t\t\t\t\t<\/li>\n\t\t\t\t\t\t\t\t<li class=\"elementor-icon-list-item\">\n\t\t\t\t\t\t\t\t\t\t\t<span class=\"elementor-icon-list-icon\">\n\t\t\t\t\t\t\t<i aria-hidden=\"true\" class=\"fas fa-chevron-right\"><\/i>\t\t\t\t\t\t<\/span>\n\t\t\t\t\t\t\t\t\t\t<span class=\"elementor-icon-list-text\">Proximitat i tracte personalitzat<\/span>\n\t\t\t\t\t\t\t\t\t<\/li>\n\t\t\t\t\t\t\t\t<li class=\"elementor-icon-list-item\">\n\t\t\t\t\t\t\t\t\t\t\t<span class=\"elementor-icon-list-icon\">\n\t\t\t\t\t\t\t<i aria-hidden=\"true\" class=\"fas fa-chevron-right\"><\/i>\t\t\t\t\t\t<\/span>\n\t\t\t\t\t\t\t\t\t\t<span class=\"elementor-icon-list-text\">Especialitzaci\u00f3 en cooperatives i entitats sense \u00e0nim de lucre<\/span>\n\t\t\t\t\t\t\t\t\t<\/li>\n\t\t\t\t\t\t<\/ul>\n\t\t\t\t\t\t<\/div>\n\t\t\t\t<\/div>\n\t\t\t\t<\/div>\n\t\t\t\t<\/div>\n\t\t<div class=\"elementor-element elementor-element-cf504ce e-con-full e-flex e-con e-parent\" data-id=\"cf504ce\" data-element_type=\"container\" data-settings=\"{&quot;background_background&quot;:&quot;classic&quot;}\">\n\t\t<div class=\"elementor-element elementor-element-c0927ab e-con-full e-flex e-con e-child\" data-id=\"c0927ab\" data-element_type=\"container\" data-settings=\"{&quot;background_background&quot;:&quot;classic&quot;}\">\n\t\t<div class=\"elementor-element elementor-element-c371099 e-con-full e-flex e-con e-child\" data-id=\"c371099\" data-element_type=\"container\" data-settings=\"{&quot;background_background&quot;:&quot;classic&quot;}\">\n\t\t<div class=\"elementor-element elementor-element-1ecbbd8 e-con-full e-flex e-con e-child\" data-id=\"1ecbbd8\" data-element_type=\"container\">\n\t\t\t\t<\/div>\n\t\t\t\t<\/div>\n\t\t<div class=\"elementor-element elementor-element-a80ab78 e-con-full e-flex e-con e-child\" data-id=\"a80ab78\" data-element_type=\"container\" data-settings=\"{&quot;background_background&quot;:&quot;classic&quot;}\">\n\t\t<div class=\"elementor-element elementor-element-9be6405 e-con-full e-flex e-con e-child\" data-id=\"9be6405\" data-element_type=\"container\">\n\t\t\t\t<div class=\"elementor-element elementor-element-1659384 elementor-widget elementor-widget-heading\" data-id=\"1659384\" data-element_type=\"widget\" data-widget_type=\"heading.default\">\n\t\t\t\t<div class=\"elementor-widget-container\">\n\t\t\t\t\t<h2 class=\"elementor-heading-title elementor-size-default\">Parlem del teu projecte<\/h2>\t\t\t\t<\/div>\n\t\t\t\t<\/div>\n\t\t\t\t<div class=\"elementor-element elementor-element-105d3bf elementor-widget elementor-widget-button\" data-id=\"105d3bf\" data-element_type=\"widget\" data-widget_type=\"button.default\">\n\t\t\t\t<div class=\"elementor-widget-container\">\n\t\t\t\t\t\t\t\t\t<div class=\"elementor-button-wrapper\">\n\t\t\t\t\t<a class=\"elementor-button elementor-button-link elementor-size-sm\" href=\"\/contacte\">\n\t\t\t\t\t\t<span class=\"elementor-button-content-wrapper\">\n\t\t\t\t\t\t\t\t\t<span class=\"elementor-button-text\">Demanar cita<\/span>\n\t\t\t\t\t<\/span>\n\t\t\t\t\t<\/a>\n\t\t\t\t<\/div>\n\t\t\t\t\t\t\t\t<\/div>\n\t\t\t\t<\/div>\n\t\t\t\t<\/div>\n\t\t\t\t<\/div>\n\t\t\t\t<\/div>\n\t\t\t\t<\/div>\n\t\t\t\t<\/div>\n\t\t","protected":false},"excerpt":{"rendered":"<p>Assessoria especialitzada en cooperatives i associacions sense \u00e0nim de lucre Comptabilitat clara i adaptada a la normativa Portem la teva comptabilitat amb la m\u00e0xima transpar\u00e8ncia i precisi\u00f3. En cooperatives i associacions \u00e9s clau complir amb requisits espec\u00edfics de justificaci\u00f3 de subvencions i transpar\u00e8ncia p\u00fablica. La nostra missi\u00f3 Ajudar cooperatives, associacions i empreses a cr\u00e9ixer de [&hellip;]<\/p>\n","protected":false},"author":1,"featured_media":0,"parent":0,"menu_order":0,"comment_status":"closed","ping_status":"closed","template":"","meta":{"site-sidebar-layout":"no-sidebar","site-content-layout":"page-builder","ast-site-content-layout":"full-width-container","site-content-style":"default","site-sidebar-style":"default","ast-global-header-display":"","ast-banner-title-visibility":"","ast-main-header-display":"","ast-hfb-above-header-display":"","ast-hfb-below-header-display":"","ast-hfb-mobile-header-display":"","site-post-title":"disabled","ast-breadcrumbs-content":"","ast-featured-img":"disabled","footer-sml-layout":"","theme-transparent-header-meta":"","adv-header-id-meta":"","stick-header-meta":"","header-above-stick-meta":"","header-main-stick-meta":"","header-below-stick-meta":"","astra-migrate-meta-layouts":"default","ast-page-background-enabled":"default","ast-page-background-meta":{"desktop":{"background-color":"var(--ast-global-color-4)","background-image":"","background-repeat":"repeat","background-position":"center center","background-size":"auto","background-attachment":"scroll","background-type":"","background-media":"","overlay-type":"","overlay-color":"","overlay-opacity":"","overlay-gradient":""},"tablet":{"background-color":"","background-image":"","background-repeat":"repeat","background-position":"center center","background-size":"auto","background-attachment":"scroll","background-type":"","background-media":"","overlay-type":"","overlay-color":"","overlay-opacity":"","overlay-gradient":""},"mobile":{"background-color":"","background-image":"","background-repeat":"repeat","background-position":"center center","background-size":"auto","background-attachment":"scroll","background-type":"","background-media":"","overlay-type":"","overlay-color":"","overlay-opacity":"","overlay-gradient":""}},"ast-content-background-meta":{"desktop":{"background-color":"var(--ast-global-color-5)","background-image":"","background-repeat":"repeat","background-position":"center center","background-size":"auto","background-attachment":"scroll","background-type":"","background-media":"","overlay-type":"","overlay-color":"","overlay-opacity":"","overlay-gradient":""},"tablet":{"background-color":"var(--ast-global-color-5)","background-image":"","background-repeat":"repeat","background-position":"center center","background-size":"auto","background-attachment":"scroll","background-type":"","background-media":"","overlay-type":"","overlay-color":"","overlay-opacity":"","overlay-gradient":""},"mobile":{"background-color":"var(--ast-global-color-5)","background-image":"","background-repeat":"repeat","background-position":"center center","background-size":"auto","background-attachment":"scroll","background-type":"","background-media":"","overlay-type":"","overlay-color":"","overlay-opacity":"","overlay-gradient":""}},"footnotes":""},"class_list":["post-410","page","type-page","status-publish","hentry"],"yoast_head":"<!-- This site is optimized with the Yoast SEO plugin v25.8 - https:\/\/yoast.com\/wordpress\/plugins\/seo\/ -->\n<title>Sobre nosaltres - ALC Assessors<\/title>\n<meta name=\"robots\" content=\"index, follow, max-snippet:-1, max-image-preview:large, max-video-preview:-1\" \/>\n<link rel=\"canonical\" href=\"https:\/\/alc-assessors.com\/es\/sobre-nosaltres\/\" \/>\n<meta property=\"og:locale\" content=\"es_ES\" \/>\n<meta property=\"og:type\" content=\"article\" \/>\n<meta property=\"og:title\" content=\"Sobre nosaltres - ALC Assessors\" \/>\n<meta property=\"og:description\" content=\"Assessoria especialitzada en cooperatives i associacions sense \u00e0nim de lucre Comptabilitat clara i adaptada a la normativa Portem la teva comptabilitat amb la m\u00e0xima transpar\u00e8ncia i precisi\u00f3. En cooperatives i associacions \u00e9s clau complir amb requisits espec\u00edfics de justificaci\u00f3 de subvencions i transpar\u00e8ncia p\u00fablica. La nostra missi\u00f3 Ajudar cooperatives, associacions i empreses a cr\u00e9ixer de [&hellip;]\" \/>\n<meta property=\"og:url\" content=\"https:\/\/alc-assessors.com\/es\/sobre-nosaltres\/\" \/>\n<meta property=\"og:site_name\" content=\"ALC Assessors\" \/>\n<meta property=\"article:modified_time\" content=\"2025-09-18T10:19:25+00:00\" \/>\n<meta name=\"twitter:card\" content=\"summary_large_image\" \/>\n<meta name=\"twitter:label1\" content=\"Tiempo de lectura\" \/>\n\t<meta name=\"twitter:data1\" content=\"1 minuto\" \/>\n<script type=\"application\/ld+json\" class=\"yoast-schema-graph\">{\"@context\":\"https:\/\/schema.org\",\"@graph\":[{\"@type\":\"WebPage\",\"@id\":\"https:\/\/alc-assessors.com\/es\/sobre-nosaltres\/\",\"url\":\"https:\/\/alc-assessors.com\/es\/sobre-nosaltres\/\",\"name\":\"Sobre nosaltres - ALC Assessors\",\"isPartOf\":{\"@id\":\"https:\/\/alc-assessors.com\/#website\"},\"datePublished\":\"2025-08-18T14:26:12+00:00\",\"dateModified\":\"2025-09-18T10:19:25+00:00\",\"breadcrumb\":{\"@id\":\"https:\/\/alc-assessors.com\/es\/sobre-nosaltres\/#breadcrumb\"},\"inLanguage\":\"es\",\"potentialAction\":[{\"@type\":\"ReadAction\",\"target\":[\"https:\/\/alc-assessors.com\/es\/sobre-nosaltres\/\"]}]},{\"@type\":\"BreadcrumbList\",\"@id\":\"https:\/\/alc-assessors.com\/es\/sobre-nosaltres\/#breadcrumb\",\"itemListElement\":[{\"@type\":\"ListItem\",\"position\":1,\"name\":\"Home\",\"item\":\"https:\/\/alc-assessors.com\/es\/home\/\"},{\"@type\":\"ListItem\",\"position\":2,\"name\":\"Sobre nosaltres\"}]},{\"@type\":\"WebSite\",\"@id\":\"https:\/\/alc-assessors.com\/#website\",\"url\":\"https:\/\/alc-assessors.com\/\",\"name\":\"ALC Assessors\",\"description\":\"Assessoria especialitzada en cooperatives i societats sense \u00e0nim de lucre\",\"potentialAction\":[{\"@type\":\"SearchAction\",\"target\":{\"@type\":\"EntryPoint\",\"urlTemplate\":\"https:\/\/alc-assessors.com\/?s={search_term_string}\"},\"query-input\":{\"@type\":\"PropertyValueSpecification\",\"valueRequired\":true,\"valueName\":\"search_term_string\"}}],\"inLanguage\":\"es\"}]}<\/script>\n<!-- \/ Yoast SEO plugin. -->","yoast_head_json":{"title":"Sobre nosaltres - ALC Assessors","robots":{"index":"index","follow":"follow","max-snippet":"max-snippet:-1","max-image-preview":"max-image-preview:large","max-video-preview":"max-video-preview:-1"},"canonical":"https:\/\/alc-assessors.com\/es\/sobre-nosaltres\/","og_locale":"es_ES","og_type":"article","og_title":"Sobre nosaltres - ALC Assessors","og_description":"Assessoria especialitzada en cooperatives i associacions sense \u00e0nim de lucre Comptabilitat clara i adaptada a la normativa Portem la teva comptabilitat amb la m\u00e0xima transpar\u00e8ncia i precisi\u00f3. En cooperatives i associacions \u00e9s clau complir amb requisits espec\u00edfics de justificaci\u00f3 de subvencions i transpar\u00e8ncia p\u00fablica. La nostra missi\u00f3 Ajudar cooperatives, associacions i empreses a cr\u00e9ixer de [&hellip;]","og_url":"https:\/\/alc-assessors.com\/es\/sobre-nosaltres\/","og_site_name":"ALC Assessors","article_modified_time":"2025-09-18T10:19:25+00:00","twitter_card":"summary_large_image","twitter_misc":{"Tiempo de lectura":"1 minuto"},"schema":{"@context":"https:\/\/schema.org","@graph":[{"@type":"WebPage","@id":"https:\/\/alc-assessors.com\/es\/sobre-nosaltres\/","url":"https:\/\/alc-assessors.com\/es\/sobre-nosaltres\/","name":"Sobre nosaltres - ALC Assessors","isPartOf":{"@id":"https:\/\/alc-assessors.com\/#website"},"datePublished":"2025-08-18T14:26:12+00:00","dateModified":"2025-09-18T10:19:25+00:00","breadcrumb":{"@id":"https:\/\/alc-assessors.com\/es\/sobre-nosaltres\/#breadcrumb"},"inLanguage":"es","potentialAction":[{"@type":"ReadAction","target":["https:\/\/alc-assessors.com\/es\/sobre-nosaltres\/"]}]},{"@type":"BreadcrumbList","@id":"https:\/\/alc-assessors.com\/es\/sobre-nosaltres\/#breadcrumb","itemListElement":[{"@type":"ListItem","position":1,"name":"Home","item":"https:\/\/alc-assessors.com\/es\/home\/"},{"@type":"ListItem","position":2,"name":"Sobre nosaltres"}]},{"@type":"WebSite","@id":"https:\/\/alc-assessors.com\/#website","url":"https:\/\/alc-assessors.com\/","name":"ALC Assessors","description":"Assessoria especialitzada en cooperatives i societats sense \u00e0nim de lucre","potentialAction":[{"@type":"SearchAction","target":{"@type":"EntryPoint","urlTemplate":"https:\/\/alc-assessors.com\/?s={search_term_string}"},"query-input":{"@type":"PropertyValueSpecification","valueRequired":true,"valueName":"search_term_string"}}],"inLanguage":"es"}]}},"_links":{"self":[{"href":"https:\/\/alc-assessors.com\/es\/wp-json\/wp\/v2\/pages\/410","targetHints":{"allow":["GET"]}}],"collection":[{"href":"https:\/\/alc-assessors.com\/es\/wp-json\/wp\/v2\/pages"}],"about":[{"href":"https:\/\/alc-assessors.com\/es\/wp-json\/wp\/v2\/types\/page"}],"author":[{"embeddable":true,"href":"https:\/\/alc-assessors.com\/es\/wp-json\/wp\/v2\/users\/1"}],"replies":[{"embeddable":true,"href":"https:\/\/alc-assessors.com\/es\/wp-json\/wp\/v2\/comments?post=410"}],"version-history":[{"count":3,"href":"https:\/\/alc-assessors.com\/es\/wp-json\/wp\/v2\/pages\/410\/revisions"}],"predecessor-version":[{"id":468,"href":"https:\/\/alc-assessors.com\/es\/wp-json\/wp\/v2\/pages\/410\/revisions\/468"}],"wp:attachment":[{"href":"https:\/\/alc-assessors.com\/es\/wp-json\/wp\/v2\/media?parent=410"}],"curies":[{"name":"wp","href":"https:\/\/api.w.org\/{rel}","templated":true}]}}